{"id":1847,"date":"2021-09-22T15:42:11","date_gmt":"2021-09-22T13:42:11","guid":{"rendered":"https:\/\/dentalteamturkey.com\/clinics-in-turkey\/"},"modified":"2021-09-22T16:55:11","modified_gmt":"2021-09-22T14:55:11","slug":"clinics-in-turkey","status":"publish","type":"page","link":"https:\/\/dentalteamturkey.com\/tr\/clinics-in-turkey\/","title":{"rendered":"Clinics"},"content":{"rendered":"[vc_row thb_full_width=&#8221;true&#8221; thb_row_padding=&#8221;true&#8221; thb_column_padding=&#8221;true&#8221; bg_gradient_direction=&#8221;-90&#8243; css=&#8221;.vc_custom_1581085349205{margin-bottom: 10vh !important;padding-top: 40px !important;padding-bottom: 40px !important;background-position: center !important;background-repeat: no-repeat !important;background-size: cover !important;}&#8221; bg_gradient1=&#8221;#34a5dd&#8221; bg_gradient2=&#8221;#a8ccdd&#8221;][vc_column][vc_row_inner][vc_column_inner thb_color=&#8221;thb-light-column&#8221; offset=&#8221;vc_col-lg-5 vc_col-md-7&#8243;]\t<div id=\"thb-slidetype-69fa58da4ee7d\" class=\"thb-slidetype \" data-style=\"style2\">\n\t\t\n<h1><span class=\"thb-slidetype-entry\"><span class=\"lines\">Clinics in Turkey<\/span><\/span><\/h1>\n\t\t\t<\/div>\n\n\t[vc_empty_space height=&#8221;12px&#8221;][\/vc_column_inner][\/vc_row_inner][\/vc_column][\/vc_row][vc_row][vc_column width=&#8221;1\/3&#8243;]\t<a id=\"thb-iconbox-69fa58da4ef48\" class=\"has-link thb-iconbox top type6  has-img  text-left animation-true\" href=\"https:\/\/dentalteamturkey.com\/tr\/motto-klinik\/\" target=\"_self\" data-animation_speed=\"1.5\">\n\t\t\t\t<figure>\n\t\t\t\t\t\t\t<div class=\"iconbox-image\">\n\t\t\t\t\t<img fetchpriority=\"high\" decoding=\"async\" width=\"600\" height=\"400\" src=\"data:image\/gif;base64,R0lGODlhAQABAAAAACH5BAEKAAEALAAAAAABAAEAAAICTAEAOw==\" class=\"thb_image  attachment-full thb-lazyload lazyload\" alt=\"Dental centre Antalya Turky -\" title=\"motto klinikk\" sizes=\"(max-width: 600px) 100vw, 600px\" data-src=\"https:\/\/dentalteamturkey.com\/wp-content\/uploads\/2021\/09\/motto-klinikk.jpeg\" data-sizes=\"auto\" data-srcset=\"https:\/\/dentalteamturkey.com\/wp-content\/uploads\/2021\/09\/motto-klinikk.jpeg 600w, https:\/\/dentalteamturkey.com\/wp-content\/uploads\/2021\/09\/motto-klinikk-300x200.jpeg 300w, https:\/\/dentalteamturkey.com\/wp-content\/uploads\/2021\/09\/motto-klinikk-380x253.jpeg 380w, https:\/\/dentalteamturkey.com\/wp-content\/uploads\/2021\/09\/motto-klinikk-190x127.jpeg 190w, https:\/\/dentalteamturkey.com\/wp-content\/uploads\/2021\/09\/motto-klinikk-20x13.jpeg 20w\">\t\t\t\t\t\t\t\t\t<\/div>\n\t\t\t\t\t\t\t\t\t\t\t\t<\/figure>\n\t\t\t\t<div class=\"iconbox-content\">\n\t\t\t\t\t\t\t<h5>MOTTO KLINIK<\/h5>\t\t\t<p>1996 dan g\u00fcn\u00fcm\u00fcze mesle\u011fimizi bilimsel bilgi, ara\u015ft\u0131rma ve \u00e7al\u0131\u015fmalara dayanarak kazan\u0131lan tecr\u00fcbelerimiz ile birle\u015ftirip hastalar\u0131m\u0131za elimizden gelenin en iyisini vermeye \u00e7al\u0131\u015f\u0131yoruz. <\/p>\n\t\t\t\t\t\t\t<span class=\"thb-read-more btn-text style5\">\n\t\t\t\t\t<span>Daha Fazla<\/span>\n\t\t\t\t\t\t\t\t\t\t\t\t\t\t\t\t<div class=\"arrow\"><svg xmlns=\"http:\/\/www.w3.org\/2000\/svg\" xmlns:xlink=\"http:\/\/www.w3.org\/1999\/xlink\" x=\"0px\" y=\"0px\"\r\n\t width=\"30px\" height=\"18px\" viewBox=\"0 0 30 18\" enable-background=\"new 0 0 30 18\" xml:space=\"preserve\">\r\n<path class=\"handle\" d=\"M20.305,16.212c-0.407,0.409-0.407,1.071,0,1.479s1.068,0.408,1.476,0l7.914-7.952c0.408-0.409,0.408-1.071,0-1.481\r\n\tl-7.914-7.952c-0.407-0.409-1.068-0.409-1.476,0s-0.407,1.071,0,1.48l7.185,7.221L20.305,16.212z\"\/>\r\n<path class=\"bar\" fill-rule=\"evenodd\" clip-rule=\"evenodd\" d=\"M1,8h28.001c0.551,0,1,0.448,1,1c0,0.553-0.449,1-1,1H1c-0.553,0-1-0.447-1-1\r\n\tC0,8.448,0.447,8,1,8z\"\/>\r\n<\/svg>\r\n<\/div>\n\t\t\t\t\t\t\t\t\t<\/span>\n\t\t\t\t\t<\/div>\n\t\t<style>\n\t\t\t\t\t\t\t\t\t#thb-iconbox-69fa58da4ef48.thb-iconbox h5 {\n\t\t\t\tfont-size: 20px;\n\t\t\t}\n\t\t\t\t\t\t\t\t\t#thb-iconbox-69fa58da4ef48.thb-iconbox p {\n\t\t\t\tfont-size: 14px;\n\t\t\t}\n\t\t\t\t\t\t\t\t\t\t\t\t\t\t\t#thb-iconbox-69fa58da4ef48.thb-iconbox .iconbox-content h5,\n\t\t\t#thb-iconbox-69fa58da4ef48.thb-iconbox figure h5 {\n\t\t\t\tcolor: #3d464f;\n\t\t\t}\n\t\t\t\t\t\t\t\t\t#thb-iconbox-69fa58da4ef48.thb-iconbox .iconbox-content p,\n\t\t\t#thb-iconbox-69fa58da4ef48.thb-iconbox .iconbox-content span {\n\t\t\t\tcolor: #6b737b;\n\t\t\t}\n\n\t\t\t#thb-iconbox-69fa58da4ef48.thb-iconbox .iconbox-content svg,\n\t\t\t#thb-iconbox-69fa58da4ef48.thb-iconbox .iconbox-content svg .bar {\n\t\t\t\tfill: #6b737b;\n\t\t\t}\n\t\t\t#thb-iconbox-69fa58da4ef48.thb-iconbox .btn-text.style2:before,\n\t\t\t#thb-iconbox-69fa58da4ef48.thb-iconbox .btn-text.style2:after {\n\t\t\t\tbackground: #6b737b;\n\t\t\t}\n\t\t\t\t\t\t\/* Hover *\/\n\t\t\t\t\t\t\t\t\t\t\t<\/style>\n\t<\/a>\n\t[\/vc_column][vc_column width=&#8221;1\/3&#8243;]\t<a id=\"thb-iconbox-69fa58da50440\" class=\"has-link thb-iconbox top type6  has-img  text-left animation-true\" href=\"https:\/\/dentalteamturkey.com\/tr\/klinik-7\/\" target=\"_self\" data-animation_speed=\"1.5\">\n\t\t\t\t<figure>\n\t\t\t\t\t\t\t<div class=\"iconbox-image\">\n\t\t\t\t\t<img decoding=\"async\" width=\"1280\" height=\"720\" src=\"data:image\/gif;base64,R0lGODlhAQABAAAAACH5BAEKAAEALAAAAAABAAEAAAICTAEAOw==\" class=\"thb_image  attachment-full thb-lazyload lazyload\" alt=\"Dental centre Antalya Turky -\" title=\"klinik7 2\" sizes=\"(max-width: 1280px) 100vw, 1280px\" data-src=\"https:\/\/dentalteamturkey.com\/wp-content\/uploads\/2021\/09\/klinik7-2.jpg\" data-sizes=\"auto\" data-srcset=\"https:\/\/dentalteamturkey.com\/wp-content\/uploads\/2021\/09\/klinik7-2.jpg 1280w, https:\/\/dentalteamturkey.com\/wp-content\/uploads\/2021\/09\/klinik7-2-300x169.jpg 300w, https:\/\/dentalteamturkey.com\/wp-content\/uploads\/2021\/09\/klinik7-2-1024x576.jpg 1024w, https:\/\/dentalteamturkey.com\/wp-content\/uploads\/2021\/09\/klinik7-2-768x432.jpg 768w, https:\/\/dentalteamturkey.com\/wp-content\/uploads\/2021\/09\/klinik7-2-380x214.jpg 380w, https:\/\/dentalteamturkey.com\/wp-content\/uploads\/2021\/09\/klinik7-2-20x11.jpg 20w, https:\/\/dentalteamturkey.com\/wp-content\/uploads\/2021\/09\/klinik7-2-190x107.jpg 190w, https:\/\/dentalteamturkey.com\/wp-content\/uploads\/2021\/09\/klinik7-2-760x428.jpg 760w, https:\/\/dentalteamturkey.com\/wp-content\/uploads\/2021\/09\/klinik7-2-1140x641.jpg 1140w\">\t\t\t\t\t\t\t\t\t<\/div>\n\t\t\t\t\t\t\t\t\t\t\t\t<\/figure>\n\t\t\t\t<div class=\"iconbox-content\">\n\t\t\t\t\t\t\t<h5>KLINIK 7<\/h5>\t\t\t<p>Antalya Lara\u2019da bulunan klini\u011fimizde di\u015f hekimli\u011fi alan\u0131nda t\u00fcm tedavi hizmetleri sunulmaktad\u0131r. 3 katl\u0131 klini\u011fimizde ileri teknolojik g\u00f6r\u00fcnt\u00fcleme cihaz\u0131m\u0131z ve 7 muayene odam\u0131z ile hizmetinizdeyiz. <\/p>\n\t\t\t\t\t\t\t<span class=\"thb-read-more btn-text style5\">\n\t\t\t\t\t<span>Daha Fazla<\/span>\n\t\t\t\t\t\t\t\t\t\t\t\t\t\t\t\t<div class=\"arrow\"><svg xmlns=\"http:\/\/www.w3.org\/2000\/svg\" xmlns:xlink=\"http:\/\/www.w3.org\/1999\/xlink\" x=\"0px\" y=\"0px\"\r\n\t width=\"30px\" height=\"18px\" viewBox=\"0 0 30 18\" enable-background=\"new 0 0 30 18\" xml:space=\"preserve\">\r\n<path class=\"handle\" d=\"M20.305,16.212c-0.407,0.409-0.407,1.071,0,1.479s1.068,0.408,1.476,0l7.914-7.952c0.408-0.409,0.408-1.071,0-1.481\r\n\tl-7.914-7.952c-0.407-0.409-1.068-0.409-1.476,0s-0.407,1.071,0,1.48l7.185,7.221L20.305,16.212z\"\/>\r\n<path class=\"bar\" fill-rule=\"evenodd\" clip-rule=\"evenodd\" d=\"M1,8h28.001c0.551,0,1,0.448,1,1c0,0.553-0.449,1-1,1H1c-0.553,0-1-0.447-1-1\r\n\tC0,8.448,0.447,8,1,8z\"\/>\r\n<\/svg>\r\n<\/div>\n\t\t\t\t\t\t\t\t\t<\/span>\n\t\t\t\t\t<\/div>\n\t\t<style>\n\t\t\t\t\t\t\t\t\t#thb-iconbox-69fa58da50440.thb-iconbox h5 {\n\t\t\t\tfont-size: 20px;\n\t\t\t}\n\t\t\t\t\t\t\t\t\t#thb-iconbox-69fa58da50440.thb-iconbox p {\n\t\t\t\tfont-size: 14px;\n\t\t\t}\n\t\t\t\t\t\t\t\t\t\t\t\t\t\t\t#thb-iconbox-69fa58da50440.thb-iconbox .iconbox-content h5,\n\t\t\t#thb-iconbox-69fa58da50440.thb-iconbox figure h5 {\n\t\t\t\tcolor: #3d464f;\n\t\t\t}\n\t\t\t\t\t\t\t\t\t#thb-iconbox-69fa58da50440.thb-iconbox .iconbox-content p,\n\t\t\t#thb-iconbox-69fa58da50440.thb-iconbox .iconbox-content span {\n\t\t\t\tcolor: #6b737b;\n\t\t\t}\n\n\t\t\t#thb-iconbox-69fa58da50440.thb-iconbox .iconbox-content svg,\n\t\t\t#thb-iconbox-69fa58da50440.thb-iconbox .iconbox-content svg .bar {\n\t\t\t\tfill: #6b737b;\n\t\t\t}\n\t\t\t#thb-iconbox-69fa58da50440.thb-iconbox .btn-text.style2:before,\n\t\t\t#thb-iconbox-69fa58da50440.thb-iconbox .btn-text.style2:after {\n\t\t\t\tbackground: #6b737b;\n\t\t\t}\n\t\t\t\t\t\t\/* Hover *\/\n\t\t\t\t\t\t\t\t\t\t\t<\/style>\n\t<\/a>\n\t[\/vc_column][vc_column width=&#8221;1\/3&#8243;]\t<a id=\"thb-iconbox-69fa58da51845\" class=\"has-link thb-iconbox top type6  has-img  text-left animation-true\" href=\"https:\/\/dentalteamturkey.com\/tr\/medstar-hospital-antalya\/\" target=\"_self\" data-animation_speed=\"1.5\">\n\t\t\t\t<figure>\n\t\t\t\t\t\t\t<div class=\"iconbox-image\">\n\t\t\t\t\t<img decoding=\"async\" width=\"1188\" height=\"784\" src=\"data:image\/gif;base64,R0lGODlhAQABAAAAACH5BAEKAAEALAAAAAABAAEAAAICTAEAOw==\" class=\"thb_image  attachment-full thb-lazyload lazyload\" alt=\"Dental centre Antalya Turky -\" title=\"MEDSTAR HOSPITAL PICTURE\" sizes=\"(max-width: 1188px) 100vw, 1188px\" data-src=\"https:\/\/dentalteamturkey.com\/wp-content\/uploads\/2021\/09\/MEDSTAR-HOSPITAL-PICTURE.jpg\" data-sizes=\"auto\" data-srcset=\"https:\/\/dentalteamturkey.com\/wp-content\/uploads\/2021\/09\/MEDSTAR-HOSPITAL-PICTURE.jpg 1188w, https:\/\/dentalteamturkey.com\/wp-content\/uploads\/2021\/09\/MEDSTAR-HOSPITAL-PICTURE-300x198.jpg 300w, https:\/\/dentalteamturkey.com\/wp-content\/uploads\/2021\/09\/MEDSTAR-HOSPITAL-PICTURE-1024x676.jpg 1024w, https:\/\/dentalteamturkey.com\/wp-content\/uploads\/2021\/09\/MEDSTAR-HOSPITAL-PICTURE-768x507.jpg 768w, https:\/\/dentalteamturkey.com\/wp-content\/uploads\/2021\/09\/MEDSTAR-HOSPITAL-PICTURE-380x251.jpg 380w, https:\/\/dentalteamturkey.com\/wp-content\/uploads\/2021\/09\/MEDSTAR-HOSPITAL-PICTURE-190x125.jpg 190w, https:\/\/dentalteamturkey.com\/wp-content\/uploads\/2021\/09\/MEDSTAR-HOSPITAL-PICTURE-760x502.jpg 760w, https:\/\/dentalteamturkey.com\/wp-content\/uploads\/2021\/09\/MEDSTAR-HOSPITAL-PICTURE-1140x752.jpg 1140w, https:\/\/dentalteamturkey.com\/wp-content\/uploads\/2021\/09\/MEDSTAR-HOSPITAL-PICTURE-20x13.jpg 20w\">\t\t\t\t\t\t\t\t\t<\/div>\n\t\t\t\t\t\t\t\t\t\t\t\t<\/figure>\n\t\t\t\t<div class=\"iconbox-content\">\n\t\t\t\t\t\t\t<h5>MEDSTAR HOSPITAL ANTALYA<\/h5>\t\t\t<p>Medstar Hastaneleri T\u00fcrkiye\u2019de uluslararas\u0131 kaliteli sa\u011fl\u0131k hizmetlerinin \u00f6nc\u00fcs\u00fc Memorial Sa\u011fl\u0131k Grubu\u2019nun \u00fcyesidir. Medstar, Antalya\u2019da bulunan 2 hastanesi ile Akdeniz B\u00f6lgesi\u2019ne hizmet sunmaktad\u0131r.<\/p>\n\t\t\t\t\t\t\t<span class=\"thb-read-more btn-text style5\">\n\t\t\t\t\t<span>Daha Fazla<\/span>\n\t\t\t\t\t\t\t\t\t\t\t\t\t\t\t\t<div class=\"arrow\"><svg xmlns=\"http:\/\/www.w3.org\/2000\/svg\" xmlns:xlink=\"http:\/\/www.w3.org\/1999\/xlink\" x=\"0px\" y=\"0px\"\r\n\t width=\"30px\" height=\"18px\" viewBox=\"0 0 30 18\" enable-background=\"new 0 0 30 18\" xml:space=\"preserve\">\r\n<path class=\"handle\" d=\"M20.305,16.212c-0.407,0.409-0.407,1.071,0,1.479s1.068,0.408,1.476,0l7.914-7.952c0.408-0.409,0.408-1.071,0-1.481\r\n\tl-7.914-7.952c-0.407-0.409-1.068-0.409-1.476,0s-0.407,1.071,0,1.48l7.185,7.221L20.305,16.212z\"\/>\r\n<path class=\"bar\" fill-rule=\"evenodd\" clip-rule=\"evenodd\" d=\"M1,8h28.001c0.551,0,1,0.448,1,1c0,0.553-0.449,1-1,1H1c-0.553,0-1-0.447-1-1\r\n\tC0,8.448,0.447,8,1,8z\"\/>\r\n<\/svg>\r\n<\/div>\n\t\t\t\t\t\t\t\t\t<\/span>\n\t\t\t\t\t<\/div>\n\t\t<style>\n\t\t\t\t\t\t\t\t\t#thb-iconbox-69fa58da51845.thb-iconbox h5 {\n\t\t\t\tfont-size: 20px;\n\t\t\t}\n\t\t\t\t\t\t\t\t\t#thb-iconbox-69fa58da51845.thb-iconbox p {\n\t\t\t\tfont-size: 14px;\n\t\t\t}\n\t\t\t\t\t\t\t\t\t\t\t\t\t\t\t#thb-iconbox-69fa58da51845.thb-iconbox .iconbox-content h5,\n\t\t\t#thb-iconbox-69fa58da51845.thb-iconbox figure h5 {\n\t\t\t\tcolor: #3d464f;\n\t\t\t}\n\t\t\t\t\t\t\t\t\t#thb-iconbox-69fa58da51845.thb-iconbox .iconbox-content p,\n\t\t\t#thb-iconbox-69fa58da51845.thb-iconbox .iconbox-content span {\n\t\t\t\tcolor: #6b737b;\n\t\t\t}\n\n\t\t\t#thb-iconbox-69fa58da51845.thb-iconbox .iconbox-content svg,\n\t\t\t#thb-iconbox-69fa58da51845.thb-iconbox .iconbox-content svg .bar {\n\t\t\t\tfill: #6b737b;\n\t\t\t}\n\t\t\t#thb-iconbox-69fa58da51845.thb-iconbox .btn-text.style2:before,\n\t\t\t#thb-iconbox-69fa58da51845.thb-iconbox .btn-text.style2:after {\n\t\t\t\tbackground: #6b737b;\n\t\t\t}\n\t\t\t\t\t\t\/* Hover *\/\n\t\t\t\t\t\t\t\t\t\t\t<\/style>\n\t<\/a>\n\t[\/vc_column][\/vc_row]\n","protected":false},"excerpt":{"rendered":"<p>[vc_row thb_full_width=&#8221;true&#8221; thb_row_padding=&#8221;true&#8221; thb_column_padding=&#8221;true&#8221; bg_gradient_direction=&#8221;-90&#8243; css=&#8221;.vc_custom_1581085349205{margin-bottom: 10vh !important;padding-top: 40px !important;padding-bottom: 40px !important;background-position: center !important;background-repeat: no-repeat !important;background-size: cover !important;}&#8221; bg_gradient1=&#8221;#34a5dd&#8221; bg_gradient2=&#8221;#a8ccdd&#8221;][vc_column][vc_row_inner][vc_column_inner thb_color=&#8221;thb-light-column&#8221; offset=&#8221;vc_col-lg-5 vc_col-md-7&#8243;][vc_empty_space height=&#8221;12px&#8221;][\/vc_column_inner][\/vc_row_inner][\/vc_column][\/vc_row][vc_row][vc_column width=&#8221;1\/3&#8243;][\/vc_column][vc_column width=&#8221;1\/3&#8243;][\/vc_column][vc_column width=&#8221;1\/3&#8243;][\/vc_column][\/vc_row]<\/p>\n","protected":false},"author":1,"featured_media":0,"parent":0,"menu_order":0,"comment_status":"closed","ping_status":"closed","template":"","meta":{"footnotes":""},"class_list":["post-1847","page","type-page","status-publish","hentry"],"_links":{"self":[{"href":"https:\/\/dentalteamturkey.com\/tr\/wp-json\/wp\/v2\/pages\/1847","targetHints":{"allow":["GET"]}}],"collection":[{"href":"https:\/\/dentalteamturkey.com\/tr\/wp-json\/wp\/v2\/pages"}],"about":[{"href":"https:\/\/dentalteamturkey.com\/tr\/wp-json\/wp\/v2\/types\/page"}],"author":[{"embeddable":true,"href":"https:\/\/dentalteamturkey.com\/tr\/wp-json\/wp\/v2\/users\/1"}],"replies":[{"embeddable":true,"href":"https:\/\/dentalteamturkey.com\/tr\/wp-json\/wp\/v2\/comments?post=1847"}],"version-history":[{"count":2,"href":"https:\/\/dentalteamturkey.com\/tr\/wp-json\/wp\/v2\/pages\/1847\/revisions"}],"predecessor-version":[{"id":1849,"href":"https:\/\/dentalteamturkey.com\/tr\/wp-json\/wp\/v2\/pages\/1847\/revisions\/1849"}],"wp:attachment":[{"href":"https:\/\/dentalteamturkey.com\/tr\/wp-json\/wp\/v2\/media?parent=1847"}],"curies":[{"name":"wp","href":"https:\/\/api.w.org\/{rel}","templated":true}]}}