{"id":1839,"date":"2021-09-22T16:43:51","date_gmt":"2021-09-22T14:43:51","guid":{"rendered":"https:\/\/dentalteamturkey.com\/?page_id=1839"},"modified":"2023-03-21T09:06:22","modified_gmt":"2023-03-21T08:06:22","slug":"medstar-hospital-antalya","status":"publish","type":"page","link":"https:\/\/dentalteamturkey.com\/tr\/medstar-hospital-antalya\/","title":{"rendered":"Medstar Hospital Antalya"},"content":{"rendered":"[vc_row thb_full_width=&#8221;true&#8221; thb_row_padding=&#8221;true&#8221; thb_column_padding=&#8221;true&#8221; bg_gradient_direction=&#8221;-90&#8243; css=&#8221;.vc_custom_1580419501117{padding-top: 60px !important;padding-bottom: 40px !important;background-position: center !important;background-repeat: no-repeat !important;background-size: cover !important;}&#8221; bg_gradient1=&#8221;#34a5dd&#8221; bg_gradient2=&#8221;#a8ccdd&#8221;][vc_column][vc_row_inner][vc_column_inner thb_color=&#8221;thb-light-column&#8221; offset=&#8221;vc_col-lg-5 vc_col-md-7&#8243;]\t<div id=\"thb-slidetype-69ea4d56450fd\" class=\"thb-slidetype treatmentsh1\" data-style=\"style2\">\n\t\t\n<h1><span class=\"thb-slidetype-entry\"><span class=\"lines\">Medstar Hospital Antalya<\/span><\/span><\/h1>\n\t\t\t<\/div>\n\n\t[\/vc_column_inner][\/vc_row_inner][\/vc_column][\/vc_row][vc_row thb_full_width=&#8221;true&#8221; thb_row_padding=&#8221;true&#8221; thb_column_padding=&#8221;true&#8221; thb_divider_position=&#8221;top&#8221; el_class=&#8221;align-center&#8221;][vc_column width=&#8221;1\/2&#8243; css=&#8221;.vc_custom_1580467974308{padding-top: 20% !important;padding-right: 5% !important;padding-bottom: 15% !important;padding-left: 5% !important;}&#8221;][vc_empty_space height=&#8221;50px&#8221;][vc_column_text animation=&#8221;animation fade-in&#8221;]<span style=\"color: #000000;\"> Medstar Hastaneleri T\u00fcrkiye\u2019de uluslararas\u0131 kaliteli sa\u011fl\u0131k hizmetlerinin \u00f6nc\u00fcs\u00fc Memorial Sa\u011fl\u0131k Grubu\u2019nun \u00fcyesidir. Medstar, Antalya\u2019da bulunan 2 hastanesi ile Akdeniz B\u00f6lgesi\u2019ne hizmet sunmaktad\u0131r.<\/span><\/p>\n<p><span style=\"color: #000000;\">Medstar Antalya ve Medstar Top\u00e7ular hastaneleri deneyimli akademik kadrosu, ileri t\u0131p teknolojisine sahip altyap\u0131s\u0131 ve modern mimarisi ile t\u00fcm bran\u015flarda tan\u0131 tedavi hizmeti sunmaktad\u0131r.<\/span><\/p>\n<p><span style=\"color: #000000;\">Medstar Antalya Hastanesi b\u00fcnyesindeki \u201ckanser merkezi\u201d, T\u00fcrkiye ve d\u00fcnya \u00e7ap\u0131nda bir referans merkezi olma \u00f6zelli\u011fine sahiptir. Kanserin, ki\u015fiye \u00f6zel uygulamalar ve konsey karar\u0131 yakla\u015f\u0131m\u0131 ile tedavi edildi\u011fi merkez, ileri teknolojileri yurt d\u0131\u015f\u0131ndaki \u00f6nemli merkezler ile ayn\u0131 anda kullanmaktad\u0131r.<\/span><\/p>\n<p><span style=\"color: #000000;\">Medstar Kemoterapi ve Sanat Merkezi\u2019nde kemoterapi alan ve klinikte yatan hastalara, deneyimli sanatsal tedavi ekibi e\u015fli\u011finde sosyal aktivite olanaklar\u0131 sunulmaktad\u0131r. Resim, m\u00fczik \u00e7al\u0131\u015fmalar\u0131, tiyatro ve yoga gibi aktivitelerle, hastalar\u0131n tedavi motivasyonlar\u0131 ve ya\u015fam kaliteleri artt\u0131r\u0131lmaktad\u0131r. <\/span><\/p>\n<p><span style=\"color: #000000;\">Medstar Antalya Hastanesi; 18.500 m2 kapal\u0131 alanda, 162 yatak kapasitesi, 5 ameliyathane, 10 kalp ve damar cerrahi, 6 koroner ve 9\u2019u genel olmak \u00fczere toplam 25 yo\u011fun bak\u0131m yata\u011f\u0131 ile hizmet vermektedir. <\/span><\/p>\n<p><span style=\"color: #000000;\">Medstar Top\u00e7ular Hastanesi, ba\u015fta kad\u0131n sa\u011fl\u0131\u011f\u0131 ve do\u011fum olmak \u00fczere t\u00fcm bran\u015flarda deneyimli uzman kadrosu, yenilenen modern mimarisi, konforlu hasta odalar\u0131, ferah poliklinik alanlar\u0131 ve 58 yatak kapasitesi ile 4600 m2 kapal\u0131 alanda hizmet sunmaktad\u0131r. <\/span>[\/vc_column_text][\/vc_column][vc_column width=&#8221;1\/2&#8243; css=&#8221;.vc_custom_1632326169888{padding-bottom: 70vh !important;background-image: url(https:\/\/dentalteamturkey.com\/wp-content\/uploads\/2021\/09\/MEDSTAR-HOSPITAL-PICTURE.jpg?id=1832) !important;background-position: center !important;background-repeat: no-repeat !important;background-size: cover !important;}&#8221;][\/vc_column][\/vc_row]\n","protected":false},"excerpt":{"rendered":"<p>[vc_row thb_full_width=&#8221;true&#8221; thb_row_padding=&#8221;true&#8221; thb_column_padding=&#8221;true&#8221; bg_gradient_direction=&#8221;-90&#8243; css=&#8221;.vc_custom_1580419501117{padding-top: 60px !important;padding-bottom: 40px !important;background-position: center !important;background-repeat: no-repeat !important;background-size: cover !important;}&#8221; bg_gradient1=&#8221;#34a5dd&#8221; bg_gradient2=&#8221;#a8ccdd&#8221;][vc_column][vc_row_inner][vc_column_inner thb_color=&#8221;thb-light-column&#8221; offset=&#8221;vc_col-lg-5 vc_col-md-7&#8243;][\/vc_column_inner][\/vc_row_inner][\/vc_column][\/vc_row][vc_row thb_full_width=&#8221;true&#8221; thb_row_padding=&#8221;true&#8221; thb_column_padding=&#8221;true&#8221; thb_divider_position=&#8221;top&#8221; el_class=&#8221;align-center&#8221;][vc_column width=&#8221;1\/2&#8243; css=&#8221;.vc_custom_1580467974308{padding-top: 20% !important;padding-right: 5% !important;padding-bottom: 15% !important;padding-left: 5% !important;}&#8221;][vc_empty_space height=&#8221;50px&#8221;][vc_column_text animation=&#8221;animation fade-in&#8221;] Medstar Hastaneleri T\u00fcrkiye\u2019de uluslararas\u0131 kaliteli sa\u011fl\u0131k hizmetlerinin \u00f6nc\u00fcs\u00fc Memorial Sa\u011fl\u0131k Grubu\u2019nun \u00fcyesidir. Medstar, Antalya\u2019da bulunan 2&hellip;<\/p>\n","protected":false},"author":1,"featured_media":0,"parent":0,"menu_order":0,"comment_status":"closed","ping_status":"closed","template":"","meta":{"footnotes":""},"class_list":["post-1839","page","type-page","status-publish","hentry"],"_links":{"self":[{"href":"https:\/\/dentalteamturkey.com\/tr\/wp-json\/wp\/v2\/pages\/1839","targetHints":{"allow":["GET"]}}],"collection":[{"href":"https:\/\/dentalteamturkey.com\/tr\/wp-json\/wp\/v2\/pages"}],"about":[{"href":"https:\/\/dentalteamturkey.com\/tr\/wp-json\/wp\/v2\/types\/page"}],"author":[{"embeddable":true,"href":"https:\/\/dentalteamturkey.com\/tr\/wp-json\/wp\/v2\/users\/1"}],"replies":[{"embeddable":true,"href":"https:\/\/dentalteamturkey.com\/tr\/wp-json\/wp\/v2\/comments?post=1839"}],"version-history":[{"count":2,"href":"https:\/\/dentalteamturkey.com\/tr\/wp-json\/wp\/v2\/pages\/1839\/revisions"}],"predecessor-version":[{"id":1860,"href":"https:\/\/dentalteamturkey.com\/tr\/wp-json\/wp\/v2\/pages\/1839\/revisions\/1860"}],"wp:attachment":[{"href":"https:\/\/dentalteamturkey.com\/tr\/wp-json\/wp\/v2\/media?parent=1839"}],"curies":[{"name":"wp","href":"https:\/\/api.w.org\/{rel}","templated":true}]}}