{"id":1835,"date":"2021-09-22T16:34:38","date_gmt":"2021-09-22T14:34:38","guid":{"rendered":"https:\/\/dentalteamturkey.com\/motto-klinik\/"},"modified":"2023-03-21T09:03:15","modified_gmt":"2023-03-21T08:03:15","slug":"motto-klinik","status":"publish","type":"page","link":"https:\/\/dentalteamturkey.com\/tr\/motto-klinik\/","title":{"rendered":"Motto Klinik"},"content":{"rendered":"[vc_row thb_full_width=&#8221;true&#8221; thb_row_padding=&#8221;true&#8221; thb_column_padding=&#8221;true&#8221; bg_gradient_direction=&#8221;-90&#8243; css=&#8221;.vc_custom_1580419501117{padding-top: 60px !important;padding-bottom: 40px !important;background-position: center !important;background-repeat: no-repeat !important;background-size: cover !important;}&#8221; bg_gradient1=&#8221;#34a5dd&#8221; bg_gradient2=&#8221;#a8ccdd&#8221;][vc_column][vc_row_inner][vc_column_inner thb_color=&#8221;thb-light-column&#8221; offset=&#8221;vc_col-lg-5 vc_col-md-7&#8243;]\t<div id=\"thb-slidetype-69ea4cfebf8ba\" class=\"thb-slidetype treatmentsh1\" data-style=\"style2\">\n\t\t\n<h1><span class=\"thb-slidetype-entry\"><span class=\"lines\">Motto Klinik<\/span><\/span><\/h1>\n\t\t\t<\/div>\n\n\t[\/vc_column_inner][\/vc_row_inner][\/vc_column][\/vc_row][vc_row thb_full_width=&#8221;true&#8221; thb_row_padding=&#8221;true&#8221; thb_column_padding=&#8221;true&#8221; thb_divider_position=&#8221;top&#8221; el_class=&#8221;align-center&#8221;][vc_column width=&#8221;1\/2&#8243; css=&#8221;.vc_custom_1580467974308{padding-top: 20% !important;padding-right: 5% !important;padding-bottom: 15% !important;padding-left: 5% !important;}&#8221;][vc_empty_space height=&#8221;50px&#8221;][vc_column_text animation=&#8221;animation fade-in&#8221;]<span style=\"color: #000000;\"> 1996 dan g\u00fcn\u00fcm\u00fcze mesle\u011fimizi bilimsel bilgi, ara\u015ft\u0131rma ve \u00e7al\u0131\u015fmalara dayanarak kazan\u0131lan tecr\u00fcbelerimiz ile birle\u015ftirip hastalar\u0131m\u0131za elimizden gelenin en iyisini vermeye \u00e7al\u0131\u015f\u0131yoruz. Ekip ruhuna inanarak yat\u0131r\u0131mlar\u0131m\u0131z\u0131 hem teknik donan\u0131ma hemde ki\u015fisel donan\u0131m\u0131z\u0131 artt\u0131rmaya y\u00f6nelik yapt\u0131k. Hedefimiz her daim hastalar\u0131m\u0131z i\u00e7in ideal \u015fartlarda tedavi y\u00f6ntemini uygulamak olmu\u015ftur. Ekibimiz mesle\u011fini yapmaktan zevk alan \u00e7al\u0131\u015fma arkada\u015flar\u0131ndan olu\u015fmaktad\u0131r. Hastalar\u0131m\u0131z\u0131n mutlulu\u011fu bizi daha da \u015fevklendirmektedir. <\/span>[\/vc_column_text][\/vc_column][vc_column width=&#8221;1\/2&#8243; css=&#8221;.vc_custom_1632326211221{padding-bottom: 70vh !important;background-image: url(https:\/\/dentalteamturkey.com\/wp-content\/uploads\/2021\/09\/motto-klinikk.jpeg?id=1821) !important;background-position: center !important;background-repeat: no-repeat !important;background-size: cover !important;}&#8221;][\/vc_column][\/vc_row]\n","protected":false},"excerpt":{"rendered":"<p>[vc_row thb_full_width=&#8221;true&#8221; thb_row_padding=&#8221;true&#8221; thb_column_padding=&#8221;true&#8221; bg_gradient_direction=&#8221;-90&#8243; css=&#8221;.vc_custom_1580419501117{padding-top: 60px !important;padding-bottom: 40px !important;background-position: center !important;background-repeat: no-repeat !important;background-size: cover !important;}&#8221; bg_gradient1=&#8221;#34a5dd&#8221; bg_gradient2=&#8221;#a8ccdd&#8221;][vc_column][vc_row_inner][vc_column_inner thb_color=&#8221;thb-light-column&#8221; offset=&#8221;vc_col-lg-5 vc_col-md-7&#8243;][\/vc_column_inner][\/vc_row_inner][\/vc_column][\/vc_row][vc_row thb_full_width=&#8221;true&#8221; thb_row_padding=&#8221;true&#8221; thb_column_padding=&#8221;true&#8221; thb_divider_position=&#8221;top&#8221; el_class=&#8221;align-center&#8221;][vc_column width=&#8221;1\/2&#8243; css=&#8221;.vc_custom_1580467974308{padding-top: 20% !important;padding-right: 5% !important;padding-bottom: 15% !important;padding-left: 5% !important;}&#8221;][vc_empty_space height=&#8221;50px&#8221;][vc_column_text animation=&#8221;animation fade-in&#8221;] 1996 dan g\u00fcn\u00fcm\u00fcze mesle\u011fimizi bilimsel bilgi, ara\u015ft\u0131rma ve \u00e7al\u0131\u015fmalara dayanarak kazan\u0131lan tecr\u00fcbelerimiz ile birle\u015ftirip hastalar\u0131m\u0131za elimizden&hellip;<\/p>\n","protected":false},"author":1,"featured_media":0,"parent":0,"menu_order":0,"comment_status":"closed","ping_status":"closed","template":"","meta":{"footnotes":""},"class_list":["post-1835","page","type-page","status-publish","hentry"],"_links":{"self":[{"href":"https:\/\/dentalteamturkey.com\/tr\/wp-json\/wp\/v2\/pages\/1835","targetHints":{"allow":["GET"]}}],"collection":[{"href":"https:\/\/dentalteamturkey.com\/tr\/wp-json\/wp\/v2\/pages"}],"about":[{"href":"https:\/\/dentalteamturkey.com\/tr\/wp-json\/wp\/v2\/types\/page"}],"author":[{"embeddable":true,"href":"https:\/\/dentalteamturkey.com\/tr\/wp-json\/wp\/v2\/users\/1"}],"replies":[{"embeddable":true,"href":"https:\/\/dentalteamturkey.com\/tr\/wp-json\/wp\/v2\/comments?post=1835"}],"version-history":[{"count":2,"href":"https:\/\/dentalteamturkey.com\/tr\/wp-json\/wp\/v2\/pages\/1835\/revisions"}],"predecessor-version":[{"id":1861,"href":"https:\/\/dentalteamturkey.com\/tr\/wp-json\/wp\/v2\/pages\/1835\/revisions\/1861"}],"wp:attachment":[{"href":"https:\/\/dentalteamturkey.com\/tr\/wp-json\/wp\/v2\/media?parent=1835"}],"curies":[{"name":"wp","href":"https:\/\/api.w.org\/{rel}","templated":true}]}}