{"id":1810,"date":"2021-09-22T16:06:13","date_gmt":"2021-09-22T14:06:13","guid":{"rendered":"https:\/\/dentalteamturkey.com\/klinik-7\/"},"modified":"2023-03-21T08:59:58","modified_gmt":"2023-03-21T07:59:58","slug":"klinik-7","status":"publish","type":"page","link":"https:\/\/dentalteamturkey.com\/tr\/klinik-7\/","title":{"rendered":"Klinik 7"},"content":{"rendered":"[vc_row thb_full_width=&#8221;true&#8221; thb_row_padding=&#8221;true&#8221; thb_column_padding=&#8221;true&#8221; bg_gradient_direction=&#8221;-90&#8243; css=&#8221;.vc_custom_1580419501117{padding-top: 60px !important;padding-bottom: 40px !important;background-position: center !important;background-repeat: no-repeat !important;background-size: cover !important;}&#8221; bg_gradient1=&#8221;#34a5dd&#8221; bg_gradient2=&#8221;#a8ccdd&#8221;][vc_column][vc_row_inner][vc_column_inner thb_color=&#8221;thb-light-column&#8221; offset=&#8221;vc_col-lg-5 vc_col-md-7&#8243;]\t<div id=\"thb-slidetype-69ea4d712a5eb\" class=\"thb-slidetype treatmentsh1\" data-style=\"style2\">\n\t\t\n<h1><span class=\"thb-slidetype-entry\"><span class=\"lines\">Klinik 7<\/span><\/span><\/h1>\n\t\t\t<\/div>\n\n\t[\/vc_column_inner][\/vc_row_inner][\/vc_column][\/vc_row][vc_row thb_full_width=&#8221;true&#8221; thb_row_padding=&#8221;true&#8221; thb_column_padding=&#8221;true&#8221; thb_divider_position=&#8221;top&#8221; el_class=&#8221;align-center&#8221;][vc_column width=&#8221;1\/2&#8243; css=&#8221;.vc_custom_1580467974308{padding-top: 20% !important;padding-right: 5% !important;padding-bottom: 15% !important;padding-left: 5% !important;}&#8221;][vc_empty_space height=&#8221;50px&#8221;][vc_column_text animation=&#8221;animation fade-in&#8221;]<span style=\"color: #000000;\"> Antalya Lara\u2019da bulunan klini\u011fimizde di\u015f hekimli\u011fi alan\u0131nda t\u00fcm tedavi hizmetleri sunulmaktad\u0131r. 3 katl\u0131 klini\u011fimizde ileri teknolojik g\u00f6r\u00fcnt\u00fcleme cihaz\u0131m\u0131z ve 7 muayene odam\u0131z ile hizmetinizdeyiz. Klini\u011fimiz b\u00fcnyesinde Endodontist, Ortodontist ve A\u011f\u0131z Di\u015f ve \u00c7ene Cerrah\u0131m\u0131z, deneyimli di\u015f hekimlerimiz ve g\u00fcler y\u00fczl\u00fc personelimizle birlikte sizlere G\u00fcl\u00fc\u015f Tasar\u0131m\u0131, Endodonti, \u0130mplantoloji, Ortodonti, Periodontoloji, Protez, Restoratif Di\u015f Hekimli\u011fi, \u00c7ocuk Di\u015f Hekimli\u011fi alanlar\u0131nda t\u00fcm tedavi se\u00e7eneklerini uyguluyoruz. Bizimle birlikte hayal etti\u011finiz g\u00fcl\u00fc\u015fe sahip oldu\u011funuz gibi, a\u011f\u0131z ve di\u015f sa\u011fl\u0131\u011f\u0131n\u0131z\u0131 da korumu\u015f oluyorsunuz. Hak etti\u011finiz hizmete, aile s\u0131cakl\u0131\u011f\u0131nda ve samimiyetine kavu\u015fabilirsiniz.\u00a0<\/span><\/p>\n<p><span style=\"color: #000000;\">Klinik hekimlerimiz geli\u015fime a\u00e7\u0131k, t\u00fcm yenilikleri takip ederek sizlere en g\u00fcvenilir hizmeti ve tedavi se\u00e7eneklerini sunmaktalar. <\/span>[\/vc_column_text][\/vc_column][vc_column width=&#8221;1\/2&#8243; css=&#8221;.vc_custom_1632325949013{padding-bottom: 70vh !important;background-image: url(https:\/\/dentalteamturkey.com\/wp-content\/uploads\/2021\/09\/klinik7-2.jpg?id=1811) !important;background-position: center !important;background-repeat: no-repeat !important;background-size: cover !important;}&#8221;][\/vc_column][\/vc_row]\n","protected":false},"excerpt":{"rendered":"<p>[vc_row thb_full_width=&#8221;true&#8221; thb_row_padding=&#8221;true&#8221; thb_column_padding=&#8221;true&#8221; bg_gradient_direction=&#8221;-90&#8243; css=&#8221;.vc_custom_1580419501117{padding-top: 60px !important;padding-bottom: 40px !important;background-position: center !important;background-repeat: no-repeat !important;background-size: cover !important;}&#8221; bg_gradient1=&#8221;#34a5dd&#8221; bg_gradient2=&#8221;#a8ccdd&#8221;][vc_column][vc_row_inner][vc_column_inner thb_color=&#8221;thb-light-column&#8221; offset=&#8221;vc_col-lg-5 vc_col-md-7&#8243;][\/vc_column_inner][\/vc_row_inner][\/vc_column][\/vc_row][vc_row thb_full_width=&#8221;true&#8221; thb_row_padding=&#8221;true&#8221; thb_column_padding=&#8221;true&#8221; thb_divider_position=&#8221;top&#8221; el_class=&#8221;align-center&#8221;][vc_column width=&#8221;1\/2&#8243; css=&#8221;.vc_custom_1580467974308{padding-top: 20% !important;padding-right: 5% !important;padding-bottom: 15% !important;padding-left: 5% !important;}&#8221;][vc_empty_space height=&#8221;50px&#8221;][vc_column_text animation=&#8221;animation fade-in&#8221;] Antalya Lara\u2019da bulunan klini\u011fimizde di\u015f hekimli\u011fi alan\u0131nda t\u00fcm tedavi hizmetleri sunulmaktad\u0131r. 3 katl\u0131 klini\u011fimizde ileri teknolojik&hellip;<\/p>\n","protected":false},"author":1,"featured_media":0,"parent":0,"menu_order":0,"comment_status":"closed","ping_status":"closed","template":"","meta":{"footnotes":""},"class_list":["post-1810","page","type-page","status-publish","hentry"],"_links":{"self":[{"href":"https:\/\/dentalteamturkey.com\/tr\/wp-json\/wp\/v2\/pages\/1810","targetHints":{"allow":["GET"]}}],"collection":[{"href":"https:\/\/dentalteamturkey.com\/tr\/wp-json\/wp\/v2\/pages"}],"about":[{"href":"https:\/\/dentalteamturkey.com\/tr\/wp-json\/wp\/v2\/types\/page"}],"author":[{"embeddable":true,"href":"https:\/\/dentalteamturkey.com\/tr\/wp-json\/wp\/v2\/users\/1"}],"replies":[{"embeddable":true,"href":"https:\/\/dentalteamturkey.com\/tr\/wp-json\/wp\/v2\/comments?post=1810"}],"version-history":[{"count":3,"href":"https:\/\/dentalteamturkey.com\/tr\/wp-json\/wp\/v2\/pages\/1810\/revisions"}],"predecessor-version":[{"id":1855,"href":"https:\/\/dentalteamturkey.com\/tr\/wp-json\/wp\/v2\/pages\/1810\/revisions\/1855"}],"wp:attachment":[{"href":"https:\/\/dentalteamturkey.com\/tr\/wp-json\/wp\/v2\/media?parent=1810"}],"curies":[{"name":"wp","href":"https:\/\/api.w.org\/{rel}","templated":true}]}}