{"id":1665,"date":"2020-01-31T19:40:51","date_gmt":"2020-01-31T19:40:51","guid":{"rendered":"https:\/\/dentalteamturkey.com\/before-after\/"},"modified":"2023-03-28T08:14:57","modified_gmt":"2023-03-28T06:14:57","slug":"before-after","status":"publish","type":"page","link":"https:\/\/dentalteamturkey.com\/tr\/before-after\/","title":{"rendered":"Before \/ After"},"content":{"rendered":"[vc_row thb_full_width=&#8221;true&#8221; thb_row_padding=&#8221;true&#8221; thb_column_padding=&#8221;true&#8221; bg_gradient_direction=&#8221;-90&#8243; css=&#8221;.vc_custom_1580406360726{margin-bottom: 10vh !important;padding-top: 40px !important;padding-bottom: 30px !important;background-position: center !important;background-repeat: no-repeat !important;background-size: cover !important;}&#8221; bg_gradient1=&#8221;#34a5dd&#8221; bg_gradient2=&#8221;#a8ccdd&#8221;][vc_column][vc_row_inner][vc_column_inner thb_color=&#8221;thb-light-column&#8221; offset=&#8221;vc_col-lg-5 vc_col-md-7&#8243;]\t<div id=\"thb-slidetype-69fa303449fb1\" class=\"thb-slidetype treatmentsh1\" data-style=\"style2\">\n\t\t\n<h1><span class=\"thb-slidetype-entry\"><span class=\"lines\">Before and After Treatments<\/span><\/span><\/h1>\n\t\t\t<\/div>\n\n\t[\/vc_column_inner][\/vc_row_inner][\/vc_column][\/vc_row][vc_row css=&#8221;.vc_custom_1531485647105{margin-bottom: 10vh !important;}&#8221;][vc_column][vc_column_text]\n<div id=\"sb_instagram\"  class=\"sbi sbi_mob_col_2 sbi_tab_col_3 sbi_col_4 sbi_width_resp\" style=\"padding-bottom: 12px;width: 100%;\" data-feedid=\"*1\"  data-res=\"full\" data-cols=\"4\" data-colsmobile=\"2\" data-colstablet=\"3\" data-num=\"200\" data-nummobile=\"200\" data-header-size=\"medium\" data-shortcode-atts=\"{&quot;feed&quot;:&quot;1&quot;}\"  data-postid=\"1665\" data-locatornonce=\"e6a3b5ebf0\" data-options=\"{&quot;carousel&quot;:[true,false,false,false,false,2],&quot;avatars&quot;:{&quot;dentalteamturkey&quot;:&quot;&quot;,&quot;LCLdentalteamturkey&quot;:1},&quot;lightboxcomments&quot;:20,&quot;colsmobile&quot;:2,&quot;colstablet&quot;:&quot;3&quot;,&quot;captionsize&quot;:12,&quot;captionlength&quot;:50}\" data-sbi-flags=\"favorLocal\">\n\n\n    <div id=\"sbi_images\" style=\"padding: 6px;\">\n\t\t    <\/div>\n\n\t<div id=\"sbi_load\" >\n\n\t\n\t\n<\/div>\n\t    <span class=\"sbi_resized_image_data\" data-feed-id=\"*1\" data-resized=\"null\">\n\t<\/span>\n\t        <div id=\"sbi_mod_error\">\n            <span>Bu hata mesaj\u0131n\u0131 yaln\u0131zca WordPress y\u00f6neticileri g\u00f6rebilir<\/span><br \/>\n        <div><strong>There has been a problem with your Instagram Feed.<\/strong><\/div>        <\/div>\n        \n<\/div>\n\n\t<style type=\"text\/css\">\n\t\t\t\t#sb_instagram #sbi_load .sbi_load_btn:hover{\n\t\t\toutline: none;\n\t\t\tbox-shadow: inset 0 0 20px 20px #E8E8EB;\n\t\t}\n\t\t\t\t\n\t\t#sb_instagram .sbi_follow_btn a:hover,\n\t\t#sb_instagram .sbi_follow_btn a:focus{\n\t\t\toutline: none;\n\t\t\tbox-shadow: inset 0 0 10px 20px #005B8C;\n\t\t}\n\t\t\t<\/style>\n\t[\/vc_column_text][vc_separator][vc_row_inner css=&#8221;.vc_custom_1580309777906{border-top-width: 1px !important;border-right-width: 1px !important;border-bottom-width: 1px !important;border-left-width: 1px !important;padding-top: 8% !important;padding-right: 10% !important;padding-bottom: 8% !important;padding-left: 10% !important;background-color: #05396e !important;border-left-color: #05396e !important;border-left-style: solid !important;border-right-color: #05396e !important;border-right-style: solid !important;border-top-color: #05396e !important;border-top-style: solid !important;border-bottom-color: #05396e !important;border-bottom-style: solid !important;}&#8221;][vc_column_inner el_class=&#8221;text-center&#8221;][vc_column_text]\n<h3><span style=\"color: #ffffff;\">Send us a message and we will answer ASAP<\/span><\/h3>\n[\/vc_column_text]\t<a id=\"thb-button-69fa30344da9c\" class=\"btn style1 small  gradient pill-radius   thb_shadow \" href=\"https:\/\/dentalteamturkey.com\/contact\" target=\"_self\" role=\"button\">\n\t\t<span>BOOK AN APPOINTMENT<\/span>\n\t\t\t<\/a>\n\t\t\t<style>\n\n\t\t\t\t\t\t\t\t\/* Style1 *\/\n\t\t\t\t#thb-button-69fa30344da9c.style1 {\n\t\t\t\t\tbackground:#f57c23;background:linear-gradient( -135deg,#f57c23,#f57c23 );\t\t\t\t}\n\t\t\t\t#thb-button-69fa30344da9c.style1:after {\n\t\t\t\t\tbackground: #f57c23;\n\t\t\t\t}\n\t\t\t\t\t\t\t\t\t\t\t\t\t\t\t\t<\/style>\n\t\t[\/vc_column_inner][\/vc_row_inner][vc_empty_space][\/vc_column][\/vc_row]\n","protected":false},"excerpt":{"rendered":"<p>[vc_row thb_full_width=&#8221;true&#8221; thb_row_padding=&#8221;true&#8221; thb_column_padding=&#8221;true&#8221; bg_gradient_direction=&#8221;-90&#8243; css=&#8221;.vc_custom_1580406360726{margin-bottom: 10vh !important;padding-top: 40px !important;padding-bottom: 30px !important;background-position: center !important;background-repeat: no-repeat !important;background-size: cover !important;}&#8221; bg_gradient1=&#8221;#34a5dd&#8221; bg_gradient2=&#8221;#a8ccdd&#8221;][vc_column][vc_row_inner][vc_column_inner thb_color=&#8221;thb-light-column&#8221; offset=&#8221;vc_col-lg-5 vc_col-md-7&#8243;][\/vc_column_inner][\/vc_row_inner][\/vc_column][\/vc_row][vc_row css=&#8221;.vc_custom_1531485647105{margin-bottom: 10vh !important;}&#8221;][vc_column][vc_column_text][\/vc_column_text][vc_separator][vc_row_inner css=&#8221;.vc_custom_1580309777906{border-top-width: 1px !important;border-right-width: 1px !important;border-bottom-width: 1px !important;border-left-width: 1px !important;padding-top: 8% !important;padding-right: 10% !important;padding-bottom: 8% !important;padding-left: 10% !important;background-color: #05396e !important;border-left-color: #05396e !important;border-left-style: solid !important;border-right-color: #05396e !important;border-right-style: solid !important;border-top-color: #05396e !important;border-top-style:&hellip;<\/p>\n","protected":false},"author":1,"featured_media":0,"parent":0,"menu_order":0,"comment_status":"closed","ping_status":"closed","template":"","meta":{"footnotes":""},"class_list":["post-1665","page","type-page","status-publish","hentry"],"_links":{"self":[{"href":"https:\/\/dentalteamturkey.com\/tr\/wp-json\/wp\/v2\/pages\/1665","targetHints":{"allow":["GET"]}}],"collection":[{"href":"https:\/\/dentalteamturkey.com\/tr\/wp-json\/wp\/v2\/pages"}],"about":[{"href":"https:\/\/dentalteamturkey.com\/tr\/wp-json\/wp\/v2\/types\/page"}],"author":[{"embeddable":true,"href":"https:\/\/dentalteamturkey.com\/tr\/wp-json\/wp\/v2\/users\/1"}],"replies":[{"embeddable":true,"href":"https:\/\/dentalteamturkey.com\/tr\/wp-json\/wp\/v2\/comments?post=1665"}],"version-history":[{"count":2,"href":"https:\/\/dentalteamturkey.com\/tr\/wp-json\/wp\/v2\/pages\/1665\/revisions"}],"predecessor-version":[{"id":2702,"href":"https:\/\/dentalteamturkey.com\/tr\/wp-json\/wp\/v2\/pages\/1665\/revisions\/2702"}],"wp:attachment":[{"href":"https:\/\/dentalteamturkey.com\/tr\/wp-json\/wp\/v2\/media?parent=1665"}],"curies":[{"name":"wp","href":"https:\/\/api.w.org\/{rel}","templated":true}]}}