{"id":1846,"date":"2021-09-22T15:42:11","date_gmt":"2021-09-22T13:42:11","guid":{"rendered":"https:\/\/dentalteamturkey.com\/clinics-in-turkey\/"},"modified":"2023-02-02T18:39:53","modified_gmt":"2023-02-02T17:39:53","slug":"clinics-in-turkey","status":"publish","type":"page","link":"https:\/\/dentalteamturkey.com\/fr\/clinics-in-turkey\/","title":{"rendered":"Clinics in Turkey"},"content":{"rendered":"[vc_row thb_full_width=\u00a0\u00bbtrue\u00a0\u00bb thb_row_padding=\u00a0\u00bbtrue\u00a0\u00bb thb_column_padding=\u00a0\u00bbtrue\u00a0\u00bb bg_gradient_direction=\u00a0\u00bb-90&Prime; css=\u00a0\u00bb.vc_custom_1581085349205{margin-bottom: 10vh !important;padding-top: 40px !important;padding-bottom: 40px !important;background-position: center !important;background-repeat: no-repeat !important;background-size: cover !important;}\u00a0\u00bb bg_gradient1=\u00a0\u00bb#34a5dd\u00a0\u00bb bg_gradient2=\u00a0\u00bb#a8ccdd\u00a0\u00bb][vc_column][vc_row_inner][vc_column_inner thb_color=\u00a0\u00bbthb-light-column\u00a0\u00bb offset=\u00a0\u00bbvc_col-lg-5 vc_col-md-7&Prime;]\t<div id=\"thb-slidetype-69fa1080035d6\" class=\"thb-slidetype \" data-style=\"style2\">\n\t\t\n<h1><span class=\"thb-slidetype-entry\"><span class=\"lines\">Clinics in Turkey<\/span><\/span><\/h1>\n\t\t\t<\/div>\n\n\t[vc_empty_space height=\u00a0\u00bb12px\u00a0\u00bb][\/vc_column_inner][\/vc_row_inner][\/vc_column][\/vc_row][vc_row][vc_column width=\u00a0\u00bb1\/3&Prime;]\t<a id=\"thb-iconbox-69fa10800377d\" class=\"has-link thb-iconbox top type6  has-img  text-left animation-true\" href=\"https:\/\/dentalteamturkey.com\/fr\/motto-klinik\/\" target=\"_self\" data-animation_speed=\"1.5\">\n\t\t\t\t<figure>\n\t\t\t\t\t\t\t<div class=\"iconbox-image\">\n\t\t\t\t\t<img fetchpriority=\"high\" decoding=\"async\" width=\"600\" height=\"400\" src=\"data:image\/gif;base64,R0lGODlhAQABAAAAACH5BAEKAAEALAAAAAABAAEAAAICTAEAOw==\" class=\"thb_image  attachment-full thb-lazyload lazyload\" alt=\"Dental centre Antalya Turky -\" title=\"motto klinikk\" sizes=\"(max-width: 600px) 100vw, 600px\" data-src=\"https:\/\/dentalteamturkey.com\/wp-content\/uploads\/2021\/09\/motto-klinikk.jpeg\" data-sizes=\"auto\" data-srcset=\"https:\/\/dentalteamturkey.com\/wp-content\/uploads\/2021\/09\/motto-klinikk.jpeg 600w, https:\/\/dentalteamturkey.com\/wp-content\/uploads\/2021\/09\/motto-klinikk-300x200.jpeg 300w, https:\/\/dentalteamturkey.com\/wp-content\/uploads\/2021\/09\/motto-klinikk-380x253.jpeg 380w, https:\/\/dentalteamturkey.com\/wp-content\/uploads\/2021\/09\/motto-klinikk-190x127.jpeg 190w, https:\/\/dentalteamturkey.com\/wp-content\/uploads\/2021\/09\/motto-klinikk-20x13.jpeg 20w\">\t\t\t\t\t\t\t\t\t<\/div>\n\t\t\t\t\t\t\t\t\t\t\t\t<\/figure>\n\t\t\t\t<div class=\"iconbox-content\">\n\t\t\t\t\t\t\t<h5>MOTTO KLINIK<\/h5>\t\t\t<p>Depuis 1996, nous essayons de donner le meilleur \u00e0 nos patients en combinant notre profession avec notre exp\u00e9rience acquise sur la base de connaissances scientifiques, de recherches et d\u2019\u00e9tudes.<\/p>\n\t\t\t\t\t\t\t<span class=\"thb-read-more btn-text style5\">\n\t\t\t\t\t<span>Read more<\/span>\n\t\t\t\t\t\t\t\t\t\t\t\t\t\t\t\t<div class=\"arrow\"><svg xmlns=\"http:\/\/www.w3.org\/2000\/svg\" xmlns:xlink=\"http:\/\/www.w3.org\/1999\/xlink\" x=\"0px\" y=\"0px\"\r\n\t width=\"30px\" height=\"18px\" viewBox=\"0 0 30 18\" enable-background=\"new 0 0 30 18\" xml:space=\"preserve\">\r\n<path class=\"handle\" d=\"M20.305,16.212c-0.407,0.409-0.407,1.071,0,1.479s1.068,0.408,1.476,0l7.914-7.952c0.408-0.409,0.408-1.071,0-1.481\r\n\tl-7.914-7.952c-0.407-0.409-1.068-0.409-1.476,0s-0.407,1.071,0,1.48l7.185,7.221L20.305,16.212z\"\/>\r\n<path class=\"bar\" fill-rule=\"evenodd\" clip-rule=\"evenodd\" d=\"M1,8h28.001c0.551,0,1,0.448,1,1c0,0.553-0.449,1-1,1H1c-0.553,0-1-0.447-1-1\r\n\tC0,8.448,0.447,8,1,8z\"\/>\r\n<\/svg>\r\n<\/div>\n\t\t\t\t\t\t\t\t\t<\/span>\n\t\t\t\t\t<\/div>\n\t\t<style>\n\t\t\t\t\t\t\t\t\t#thb-iconbox-69fa10800377d.thb-iconbox h5 {\n\t\t\t\tfont-size: 20px;\n\t\t\t}\n\t\t\t\t\t\t\t\t\t#thb-iconbox-69fa10800377d.thb-iconbox p {\n\t\t\t\tfont-size: 14px;\n\t\t\t}\n\t\t\t\t\t\t\t\t\t\t\t\t\t\t\t#thb-iconbox-69fa10800377d.thb-iconbox .iconbox-content h5,\n\t\t\t#thb-iconbox-69fa10800377d.thb-iconbox figure h5 {\n\t\t\t\tcolor: #3d464f;\n\t\t\t}\n\t\t\t\t\t\t\t\t\t#thb-iconbox-69fa10800377d.thb-iconbox .iconbox-content p,\n\t\t\t#thb-iconbox-69fa10800377d.thb-iconbox .iconbox-content span {\n\t\t\t\tcolor: #6b737b;\n\t\t\t}\n\n\t\t\t#thb-iconbox-69fa10800377d.thb-iconbox .iconbox-content svg,\n\t\t\t#thb-iconbox-69fa10800377d.thb-iconbox .iconbox-content svg .bar {\n\t\t\t\tfill: #6b737b;\n\t\t\t}\n\t\t\t#thb-iconbox-69fa10800377d.thb-iconbox .btn-text.style2:before,\n\t\t\t#thb-iconbox-69fa10800377d.thb-iconbox .btn-text.style2:after {\n\t\t\t\tbackground: #6b737b;\n\t\t\t}\n\t\t\t\t\t\t\/* Hover *\/\n\t\t\t\t\t\t\t\t\t\t\t<\/style>\n\t<\/a>\n\t[\/vc_column][vc_column width=\u00a0\u00bb1\/3&Prime;]\t<a id=\"thb-iconbox-69fa108005cd0\" class=\"has-link thb-iconbox top type6  has-img  text-left animation-true\" href=\"https:\/\/dentalteamturkey.com\/fr\/klinik-7\/\" target=\"_self\" data-animation_speed=\"1.5\">\n\t\t\t\t<figure>\n\t\t\t\t\t\t\t<div class=\"iconbox-image\">\n\t\t\t\t\t<img decoding=\"async\" width=\"1280\" height=\"720\" src=\"data:image\/gif;base64,R0lGODlhAQABAAAAACH5BAEKAAEALAAAAAABAAEAAAICTAEAOw==\" class=\"thb_image  attachment-full thb-lazyload lazyload\" alt=\"Dental centre Antalya Turky -\" title=\"klinik7 2\" sizes=\"(max-width: 1280px) 100vw, 1280px\" data-src=\"https:\/\/dentalteamturkey.com\/wp-content\/uploads\/2021\/09\/klinik7-2.jpg\" data-sizes=\"auto\" data-srcset=\"https:\/\/dentalteamturkey.com\/wp-content\/uploads\/2021\/09\/klinik7-2.jpg 1280w, https:\/\/dentalteamturkey.com\/wp-content\/uploads\/2021\/09\/klinik7-2-300x169.jpg 300w, https:\/\/dentalteamturkey.com\/wp-content\/uploads\/2021\/09\/klinik7-2-1024x576.jpg 1024w, https:\/\/dentalteamturkey.com\/wp-content\/uploads\/2021\/09\/klinik7-2-768x432.jpg 768w, https:\/\/dentalteamturkey.com\/wp-content\/uploads\/2021\/09\/klinik7-2-380x214.jpg 380w, https:\/\/dentalteamturkey.com\/wp-content\/uploads\/2021\/09\/klinik7-2-20x11.jpg 20w, https:\/\/dentalteamturkey.com\/wp-content\/uploads\/2021\/09\/klinik7-2-190x107.jpg 190w, https:\/\/dentalteamturkey.com\/wp-content\/uploads\/2021\/09\/klinik7-2-760x428.jpg 760w, https:\/\/dentalteamturkey.com\/wp-content\/uploads\/2021\/09\/klinik7-2-1140x641.jpg 1140w\">\t\t\t\t\t\t\t\t\t<\/div>\n\t\t\t\t\t\t\t\t\t\t\t\t<\/figure>\n\t\t\t\t<div class=\"iconbox-content\">\n\t\t\t\t\t\t\t<h5>KLINIK 7<\/h5>\t\t\t<p>Dans notre clinique, situ\u00e9e \u00e0 Antalya Lara, tous les services de traitement dans le domaine de la dentisterie sont fournis. Nous sommes \u00e0 votre service avec notre appareil d\u2019imagination technologique de pointe et 7 salles d\u2019examen dans notre clinique de 3 \u00e9tages.<\/p>\n\t\t\t\t\t\t\t<span class=\"thb-read-more btn-text style5\">\n\t\t\t\t\t<span>Read more<\/span>\n\t\t\t\t\t\t\t\t\t\t\t\t\t\t\t\t<div class=\"arrow\"><svg xmlns=\"http:\/\/www.w3.org\/2000\/svg\" xmlns:xlink=\"http:\/\/www.w3.org\/1999\/xlink\" x=\"0px\" y=\"0px\"\r\n\t width=\"30px\" height=\"18px\" viewBox=\"0 0 30 18\" enable-background=\"new 0 0 30 18\" xml:space=\"preserve\">\r\n<path class=\"handle\" d=\"M20.305,16.212c-0.407,0.409-0.407,1.071,0,1.479s1.068,0.408,1.476,0l7.914-7.952c0.408-0.409,0.408-1.071,0-1.481\r\n\tl-7.914-7.952c-0.407-0.409-1.068-0.409-1.476,0s-0.407,1.071,0,1.48l7.185,7.221L20.305,16.212z\"\/>\r\n<path class=\"bar\" fill-rule=\"evenodd\" clip-rule=\"evenodd\" d=\"M1,8h28.001c0.551,0,1,0.448,1,1c0,0.553-0.449,1-1,1H1c-0.553,0-1-0.447-1-1\r\n\tC0,8.448,0.447,8,1,8z\"\/>\r\n<\/svg>\r\n<\/div>\n\t\t\t\t\t\t\t\t\t<\/span>\n\t\t\t\t\t<\/div>\n\t\t<style>\n\t\t\t\t\t\t\t\t\t#thb-iconbox-69fa108005cd0.thb-iconbox h5 {\n\t\t\t\tfont-size: 20px;\n\t\t\t}\n\t\t\t\t\t\t\t\t\t#thb-iconbox-69fa108005cd0.thb-iconbox p {\n\t\t\t\tfont-size: 14px;\n\t\t\t}\n\t\t\t\t\t\t\t\t\t\t\t\t\t\t\t#thb-iconbox-69fa108005cd0.thb-iconbox .iconbox-content h5,\n\t\t\t#thb-iconbox-69fa108005cd0.thb-iconbox figure h5 {\n\t\t\t\tcolor: #3d464f;\n\t\t\t}\n\t\t\t\t\t\t\t\t\t#thb-iconbox-69fa108005cd0.thb-iconbox .iconbox-content p,\n\t\t\t#thb-iconbox-69fa108005cd0.thb-iconbox .iconbox-content span {\n\t\t\t\tcolor: #6b737b;\n\t\t\t}\n\n\t\t\t#thb-iconbox-69fa108005cd0.thb-iconbox .iconbox-content svg,\n\t\t\t#thb-iconbox-69fa108005cd0.thb-iconbox .iconbox-content svg .bar {\n\t\t\t\tfill: #6b737b;\n\t\t\t}\n\t\t\t#thb-iconbox-69fa108005cd0.thb-iconbox .btn-text.style2:before,\n\t\t\t#thb-iconbox-69fa108005cd0.thb-iconbox .btn-text.style2:after {\n\t\t\t\tbackground: #6b737b;\n\t\t\t}\n\t\t\t\t\t\t\/* Hover *\/\n\t\t\t\t\t\t\t\t\t\t\t<\/style>\n\t<\/a>\n\t[\/vc_column][vc_column width=\u00a0\u00bb1\/3&Prime;]\t<a id=\"thb-iconbox-69fa108007e08\" class=\"has-link thb-iconbox top type6  has-img  text-left animation-true\" href=\"https:\/\/dentalteamturkey.com\/fr\/medstar-hospital-antalya\/\" target=\"_self\" data-animation_speed=\"1.5\">\n\t\t\t\t<figure>\n\t\t\t\t\t\t\t<div class=\"iconbox-image\">\n\t\t\t\t\t<img decoding=\"async\" width=\"1188\" height=\"784\" src=\"data:image\/gif;base64,R0lGODlhAQABAAAAACH5BAEKAAEALAAAAAABAAEAAAICTAEAOw==\" class=\"thb_image  attachment-full thb-lazyload lazyload\" alt=\"Dental centre Antalya Turky -\" title=\"MEDSTAR HOSPITAL PICTURE\" sizes=\"(max-width: 1188px) 100vw, 1188px\" data-src=\"https:\/\/dentalteamturkey.com\/wp-content\/uploads\/2021\/09\/MEDSTAR-HOSPITAL-PICTURE.jpg\" data-sizes=\"auto\" data-srcset=\"https:\/\/dentalteamturkey.com\/wp-content\/uploads\/2021\/09\/MEDSTAR-HOSPITAL-PICTURE.jpg 1188w, https:\/\/dentalteamturkey.com\/wp-content\/uploads\/2021\/09\/MEDSTAR-HOSPITAL-PICTURE-300x198.jpg 300w, https:\/\/dentalteamturkey.com\/wp-content\/uploads\/2021\/09\/MEDSTAR-HOSPITAL-PICTURE-1024x676.jpg 1024w, https:\/\/dentalteamturkey.com\/wp-content\/uploads\/2021\/09\/MEDSTAR-HOSPITAL-PICTURE-768x507.jpg 768w, https:\/\/dentalteamturkey.com\/wp-content\/uploads\/2021\/09\/MEDSTAR-HOSPITAL-PICTURE-380x251.jpg 380w, https:\/\/dentalteamturkey.com\/wp-content\/uploads\/2021\/09\/MEDSTAR-HOSPITAL-PICTURE-190x125.jpg 190w, https:\/\/dentalteamturkey.com\/wp-content\/uploads\/2021\/09\/MEDSTAR-HOSPITAL-PICTURE-760x502.jpg 760w, https:\/\/dentalteamturkey.com\/wp-content\/uploads\/2021\/09\/MEDSTAR-HOSPITAL-PICTURE-1140x752.jpg 1140w, https:\/\/dentalteamturkey.com\/wp-content\/uploads\/2021\/09\/MEDSTAR-HOSPITAL-PICTURE-20x13.jpg 20w\">\t\t\t\t\t\t\t\t\t<\/div>\n\t\t\t\t\t\t\t\t\t\t\t\t<\/figure>\n\t\t\t\t<div class=\"iconbox-content\">\n\t\t\t\t\t\t\t<h5>MEDSTAR HOSPITAL ANTALYA<\/h5>\t\t\t<p>Medstar Hospitals est membre du Memorial Health Group, le pionnier des services de sant\u00e9 internationaux de qualit\u00e9 en Turquie. Medstar dessert la r\u00e9gion m\u00e9diterran\u00e9enne avec ses 2 h\u00f4pitaux \u00e0 Antalya.<\/p>\n\t\t\t\t\t\t\t<span class=\"thb-read-more btn-text style5\">\n\t\t\t\t\t<span>Read more<\/span>\n\t\t\t\t\t\t\t\t\t\t\t\t\t\t\t\t<div class=\"arrow\"><svg xmlns=\"http:\/\/www.w3.org\/2000\/svg\" xmlns:xlink=\"http:\/\/www.w3.org\/1999\/xlink\" x=\"0px\" y=\"0px\"\r\n\t width=\"30px\" height=\"18px\" viewBox=\"0 0 30 18\" enable-background=\"new 0 0 30 18\" xml:space=\"preserve\">\r\n<path class=\"handle\" d=\"M20.305,16.212c-0.407,0.409-0.407,1.071,0,1.479s1.068,0.408,1.476,0l7.914-7.952c0.408-0.409,0.408-1.071,0-1.481\r\n\tl-7.914-7.952c-0.407-0.409-1.068-0.409-1.476,0s-0.407,1.071,0,1.48l7.185,7.221L20.305,16.212z\"\/>\r\n<path class=\"bar\" fill-rule=\"evenodd\" clip-rule=\"evenodd\" d=\"M1,8h28.001c0.551,0,1,0.448,1,1c0,0.553-0.449,1-1,1H1c-0.553,0-1-0.447-1-1\r\n\tC0,8.448,0.447,8,1,8z\"\/>\r\n<\/svg>\r\n<\/div>\n\t\t\t\t\t\t\t\t\t<\/span>\n\t\t\t\t\t<\/div>\n\t\t<style>\n\t\t\t\t\t\t\t\t\t#thb-iconbox-69fa108007e08.thb-iconbox h5 {\n\t\t\t\tfont-size: 20px;\n\t\t\t}\n\t\t\t\t\t\t\t\t\t#thb-iconbox-69fa108007e08.thb-iconbox p {\n\t\t\t\tfont-size: 14px;\n\t\t\t}\n\t\t\t\t\t\t\t\t\t\t\t\t\t\t\t#thb-iconbox-69fa108007e08.thb-iconbox .iconbox-content h5,\n\t\t\t#thb-iconbox-69fa108007e08.thb-iconbox figure h5 {\n\t\t\t\tcolor: #3d464f;\n\t\t\t}\n\t\t\t\t\t\t\t\t\t#thb-iconbox-69fa108007e08.thb-iconbox .iconbox-content p,\n\t\t\t#thb-iconbox-69fa108007e08.thb-iconbox .iconbox-content span {\n\t\t\t\tcolor: #6b737b;\n\t\t\t}\n\n\t\t\t#thb-iconbox-69fa108007e08.thb-iconbox .iconbox-content svg,\n\t\t\t#thb-iconbox-69fa108007e08.thb-iconbox .iconbox-content svg .bar {\n\t\t\t\tfill: #6b737b;\n\t\t\t}\n\t\t\t#thb-iconbox-69fa108007e08.thb-iconbox .btn-text.style2:before,\n\t\t\t#thb-iconbox-69fa108007e08.thb-iconbox .btn-text.style2:after {\n\t\t\t\tbackground: #6b737b;\n\t\t\t}\n\t\t\t\t\t\t\/* Hover *\/\n\t\t\t\t\t\t\t\t\t\t\t<\/style>\n\t<\/a>\n\t[\/vc_column][\/vc_row]\n","protected":false},"excerpt":{"rendered":"<p>[vc_row thb_full_width=\u00a0\u00bbtrue\u00a0\u00bb thb_row_padding=\u00a0\u00bbtrue\u00a0\u00bb thb_column_padding=\u00a0\u00bbtrue\u00a0\u00bb bg_gradient_direction=\u00a0\u00bb-90&Prime; css=\u00a0\u00bb.vc_custom_1581085349205{margin-bottom: 10vh !important;padding-top: 40px !important;padding-bottom: 40px !important;background-position: center !important;background-repeat: no-repeat !important;background-size: cover !important;}\u00a0\u00bb bg_gradient1=\u00a0\u00bb#34a5dd\u00a0\u00bb bg_gradient2=\u00a0\u00bb#a8ccdd\u00a0\u00bb][vc_column][vc_row_inner][vc_column_inner thb_color=\u00a0\u00bbthb-light-column\u00a0\u00bb offset=\u00a0\u00bbvc_col-lg-5 vc_col-md-7&Prime;][vc_empty_space height=\u00a0\u00bb12px\u00a0\u00bb][\/vc_column_inner][\/vc_row_inner][\/vc_column][\/vc_row][vc_row][vc_column width=\u00a0\u00bb1\/3&Prime;][\/vc_column][vc_column width=\u00a0\u00bb1\/3&Prime;][\/vc_column][vc_column width=\u00a0\u00bb1\/3&Prime;][\/vc_column][\/vc_row]<\/p>\n","protected":false},"author":1,"featured_media":0,"parent":0,"menu_order":0,"comment_status":"closed","ping_status":"closed","template":"","meta":{"footnotes":""},"class_list":["post-1846","page","type-page","status-publish","hentry"],"_links":{"self":[{"href":"https:\/\/dentalteamturkey.com\/fr\/wp-json\/wp\/v2\/pages\/1846","targetHints":{"allow":["GET"]}}],"collection":[{"href":"https:\/\/dentalteamturkey.com\/fr\/wp-json\/wp\/v2\/pages"}],"about":[{"href":"https:\/\/dentalteamturkey.com\/fr\/wp-json\/wp\/v2\/types\/page"}],"author":[{"embeddable":true,"href":"https:\/\/dentalteamturkey.com\/fr\/wp-json\/wp\/v2\/users\/1"}],"replies":[{"embeddable":true,"href":"https:\/\/dentalteamturkey.com\/fr\/wp-json\/wp\/v2\/comments?post=1846"}],"version-history":[{"count":4,"href":"https:\/\/dentalteamturkey.com\/fr\/wp-json\/wp\/v2\/pages\/1846\/revisions"}],"predecessor-version":[{"id":2585,"href":"https:\/\/dentalteamturkey.com\/fr\/wp-json\/wp\/v2\/pages\/1846\/revisions\/2585"}],"wp:attachment":[{"href":"https:\/\/dentalteamturkey.com\/fr\/wp-json\/wp\/v2\/media?parent=1846"}],"curies":[{"name":"wp","href":"https:\/\/api.w.org\/{rel}","templated":true}]}}