{"id":1842,"date":"2021-09-22T16:43:51","date_gmt":"2021-09-22T14:43:51","guid":{"rendered":"https:\/\/dentalteamturkey.com\/medstar-hospital-antalya\/"},"modified":"2023-03-21T09:04:37","modified_gmt":"2023-03-21T08:04:37","slug":"medstar-hospital-antalya","status":"publish","type":"page","link":"https:\/\/dentalteamturkey.com\/fr\/medstar-hospital-antalya\/","title":{"rendered":"Medstar Hospital Antalya"},"content":{"rendered":"[vc_row thb_full_width=\u00a0\u00bbtrue\u00a0\u00bb thb_row_padding=\u00a0\u00bbtrue\u00a0\u00bb thb_column_padding=\u00a0\u00bbtrue\u00a0\u00bb bg_gradient_direction=\u00a0\u00bb-90&Prime; css=\u00a0\u00bb.vc_custom_1580419501117{padding-top: 60px !important;padding-bottom: 40px !important;background-position: center !important;background-repeat: no-repeat !important;background-size: cover !important;}\u00a0\u00bb bg_gradient1=\u00a0\u00bb#34a5dd\u00a0\u00bb bg_gradient2=\u00a0\u00bb#a8ccdd\u00a0\u00bb][vc_column][vc_row_inner][vc_column_inner thb_color=\u00a0\u00bbthb-light-column\u00a0\u00bb offset=\u00a0\u00bbvc_col-lg-5 vc_col-md-7&Prime;]\t<div id=\"thb-slidetype-69ea4dce049b3\" class=\"thb-slidetype treatmentsh1\" data-style=\"style2\">\n\t\t\n<h1><span class=\"thb-slidetype-entry\"><span class=\"lines\">Medstar Hospital Antalya<\/span><\/span><\/h1>\n\t\t\t<\/div>\n\n\t[\/vc_column_inner][\/vc_row_inner][\/vc_column][\/vc_row][vc_row thb_full_width=\u00a0\u00bbtrue\u00a0\u00bb thb_row_padding=\u00a0\u00bbtrue\u00a0\u00bb thb_column_padding=\u00a0\u00bbtrue\u00a0\u00bb thb_divider_position=\u00a0\u00bbtop\u00a0\u00bb el_class=\u00a0\u00bbalign-center\u00a0\u00bb][vc_column width=\u00a0\u00bb1\/2&Prime; css=\u00a0\u00bb.vc_custom_1580467974308{padding-top: 20% !important;padding-right: 5% !important;padding-bottom: 15% !important;padding-left: 5% !important;}\u00a0\u00bb][vc_empty_space height=\u00a0\u00bb50px\u00a0\u00bb][vc_column_text animation=\u00a0\u00bbanimation fade-in\u00a0\u00bb]<span style=\"color: #000000;\"> Medstar Hospitals est membre du Memorial Health Group, le pionnier des services de sant\u00e9 internationaux de qualit\u00e9 en Turquie. Medstar dessert la r\u00e9gion m\u00e9diterran\u00e9enne avec ses 2 h\u00f4pitaux \u00e0 Antalya.<\/span><\/p>\n<p><span style=\"color: #000000;\">Les h\u00f4pitaux Medstar Antalya et Medstar Top\u00e7ular offrent des services de diagnostic et de traitement dans toutes les branches avec leur personnel acad\u00e9mique exp\u00e9riment\u00e9, une infrastructure de technologie m\u00e9dicale de pointe et une architecture moderne.<\/span><\/p>\n<p><span style=\"color: #000000;\">Le \u00ab centre du cancer \u00bb au sein de l&rsquo;h\u00f4pital Medstar Antalya a la particularit\u00e9 d&rsquo;\u00eatre un centre de r\u00e9f\u00e9rence en Turquie et dans le monde. Le centre, o\u00f9 le cancer est trait\u00e9 avec des pratiques personnalis\u00e9es et une approche d\u00e9cisionnelle du conseil, utilise des technologies de pointe en m\u00eame temps que d&rsquo;importants centres \u00e0 l&rsquo;\u00e9tranger.<\/span><\/p>\n<p><span style=\"color: #000000;\">Dans Medstar Chemotherapy and Art Center, des opportunit\u00e9s d&rsquo;activit\u00e9s sociales sont offertes aux patients recevant une chimioth\u00e9rapie et hospitalis\u00e9s \u00e0 la clinique, accompagn\u00e9s d&rsquo;une \u00e9quipe de traitement artistique exp\u00e9riment\u00e9e. Avec des activit\u00e9s telles que la peinture, la musique, le th\u00e9\u00e2tre et le yoga, la motivation au traitement et la qualit\u00e9 de vie des patients sont augment\u00e9es. H\u00f4pital Medstar Antalya; Il offre des services dans un espace clos de 18.500 m2 d&rsquo;une capacit\u00e9 de 162 lits, 5 salles d&rsquo;op\u00e9ration, 10 lits de chirurgie cardiovasculaire, 6 lits de soins coronariens et 9 lits de soins intensifs g\u00e9n\u00e9raux, soit un total de 25 lits de soins intensifs.<\/span><\/p>\n<p><span style=\"color: #000000;\">L&rsquo;h\u00f4pital Medstar Top\u00e7ular fournit des services dans une zone ferm\u00e9e de 4600 m2 avec son personnel exp\u00e9riment\u00e9 dans toutes les branches, en particulier dans la sant\u00e9 des femmes et l&rsquo;obst\u00e9trique, son architecture moderne r\u00e9nov\u00e9e, ses chambres confortables, ses polycliniques spacieuses et sa capacit\u00e9 de 58 lits. <\/span>[\/vc_column_text][\/vc_column][vc_column width=\u00a0\u00bb1\/2&Prime; css=\u00a0\u00bb.vc_custom_1632326131232{padding-bottom: 70vh !important;background-image: url(https:\/\/dentalteamturkey.com\/wp-content\/uploads\/2021\/09\/MEDSTAR-HOSPITAL-PICTURE.jpg?id=1832) !important;background-position: center !important;background-repeat: no-repeat !important;background-size: cover !important;}\u00a0\u00bb][\/vc_column][\/vc_row]\n","protected":false},"excerpt":{"rendered":"<p>[vc_row thb_full_width=\u00a0\u00bbtrue\u00a0\u00bb thb_row_padding=\u00a0\u00bbtrue\u00a0\u00bb thb_column_padding=\u00a0\u00bbtrue\u00a0\u00bb bg_gradient_direction=\u00a0\u00bb-90&Prime; css=\u00a0\u00bb.vc_custom_1580419501117{padding-top: 60px !important;padding-bottom: 40px !important;background-position: center !important;background-repeat: no-repeat !important;background-size: cover !important;}\u00a0\u00bb bg_gradient1=\u00a0\u00bb#34a5dd\u00a0\u00bb bg_gradient2=\u00a0\u00bb#a8ccdd\u00a0\u00bb][vc_column][vc_row_inner][vc_column_inner thb_color=\u00a0\u00bbthb-light-column\u00a0\u00bb offset=\u00a0\u00bbvc_col-lg-5 vc_col-md-7&Prime;][\/vc_column_inner][\/vc_row_inner][\/vc_column][\/vc_row][vc_row thb_full_width=\u00a0\u00bbtrue\u00a0\u00bb thb_row_padding=\u00a0\u00bbtrue\u00a0\u00bb thb_column_padding=\u00a0\u00bbtrue\u00a0\u00bb thb_divider_position=\u00a0\u00bbtop\u00a0\u00bb el_class=\u00a0\u00bbalign-center\u00a0\u00bb][vc_column width=\u00a0\u00bb1\/2&Prime; css=\u00a0\u00bb.vc_custom_1580467974308{padding-top: 20% !important;padding-right: 5% !important;padding-bottom: 15% !important;padding-left: 5% !important;}\u00a0\u00bb][vc_empty_space height=\u00a0\u00bb50px\u00a0\u00bb][vc_column_text animation=\u00a0\u00bbanimation fade-in\u00a0\u00bb] Medstar Hospitals est membre du Memorial Health Group, le pionnier des services de sant\u00e9 internationaux de&hellip;<\/p>\n","protected":false},"author":1,"featured_media":0,"parent":0,"menu_order":0,"comment_status":"closed","ping_status":"closed","template":"","meta":{"footnotes":""},"class_list":["post-1842","page","type-page","status-publish","hentry"],"_links":{"self":[{"href":"https:\/\/dentalteamturkey.com\/fr\/wp-json\/wp\/v2\/pages\/1842","targetHints":{"allow":["GET"]}}],"collection":[{"href":"https:\/\/dentalteamturkey.com\/fr\/wp-json\/wp\/v2\/pages"}],"about":[{"href":"https:\/\/dentalteamturkey.com\/fr\/wp-json\/wp\/v2\/types\/page"}],"author":[{"embeddable":true,"href":"https:\/\/dentalteamturkey.com\/fr\/wp-json\/wp\/v2\/users\/1"}],"replies":[{"embeddable":true,"href":"https:\/\/dentalteamturkey.com\/fr\/wp-json\/wp\/v2\/comments?post=1842"}],"version-history":[{"count":2,"href":"https:\/\/dentalteamturkey.com\/fr\/wp-json\/wp\/v2\/pages\/1842\/revisions"}],"predecessor-version":[{"id":1858,"href":"https:\/\/dentalteamturkey.com\/fr\/wp-json\/wp\/v2\/pages\/1842\/revisions\/1858"}],"wp:attachment":[{"href":"https:\/\/dentalteamturkey.com\/fr\/wp-json\/wp\/v2\/media?parent=1842"}],"curies":[{"name":"wp","href":"https:\/\/api.w.org\/{rel}","templated":true}]}}