{"id":1834,"date":"2021-09-22T16:34:38","date_gmt":"2021-09-22T14:34:38","guid":{"rendered":"https:\/\/dentalteamturkey.com\/motto-klinik\/"},"modified":"2023-03-21T09:01:57","modified_gmt":"2023-03-21T08:01:57","slug":"motto-klinik","status":"publish","type":"page","link":"https:\/\/dentalteamturkey.com\/fr\/motto-klinik\/","title":{"rendered":"Motto Klinik"},"content":{"rendered":"[vc_row thb_full_width=\u00a0\u00bbtrue\u00a0\u00bb thb_row_padding=\u00a0\u00bbtrue\u00a0\u00bb thb_column_padding=\u00a0\u00bbtrue\u00a0\u00bb bg_gradient_direction=\u00a0\u00bb-90&Prime; css=\u00a0\u00bb.vc_custom_1580419501117{padding-top: 60px !important;padding-bottom: 40px !important;background-position: center !important;background-repeat: no-repeat !important;background-size: cover !important;}\u00a0\u00bb bg_gradient1=\u00a0\u00bb#34a5dd\u00a0\u00bb bg_gradient2=\u00a0\u00bb#a8ccdd\u00a0\u00bb][vc_column][vc_row_inner][vc_column_inner thb_color=\u00a0\u00bbthb-light-column\u00a0\u00bb offset=\u00a0\u00bbvc_col-lg-5 vc_col-md-7&Prime;]\t<div id=\"thb-slidetype-69ea4bbe375cd\" class=\"thb-slidetype treatmentsh1\" data-style=\"style2\">\n\t\t\n<h1><span class=\"thb-slidetype-entry\"><span class=\"lines\">Motto Klinik<\/span><\/span><\/h1>\n\t\t\t<\/div>\n\n\t[\/vc_column_inner][\/vc_row_inner][\/vc_column][\/vc_row][vc_row thb_full_width=\u00a0\u00bbtrue\u00a0\u00bb thb_row_padding=\u00a0\u00bbtrue\u00a0\u00bb thb_column_padding=\u00a0\u00bbtrue\u00a0\u00bb thb_divider_position=\u00a0\u00bbtop\u00a0\u00bb el_class=\u00a0\u00bbalign-center\u00a0\u00bb][vc_column width=\u00a0\u00bb1\/2&Prime; css=\u00a0\u00bb.vc_custom_1580467974308{padding-top: 20% !important;padding-right: 5% !important;padding-bottom: 15% !important;padding-left: 5% !important;}\u00a0\u00bb][vc_empty_space height=\u00a0\u00bb50px\u00a0\u00bb][vc_column_text animation=\u00a0\u00bbanimation fade-in\u00a0\u00bb]<span style=\"color: #000000;\"> Depuis 1996, nous essayons de donner le meilleur \u00e0 nos patients en combinant notre profession avec notre exp\u00e9rience acquise sur la base de connaissances scientifiques, de recherches et d&rsquo;\u00e9tudes. Croyant \u00e0 l&rsquo;esprit d&rsquo;\u00e9quipe, nous avons r\u00e9alis\u00e9 nos investissements tant dans l&rsquo;\u00e9quipement technique que dans l&rsquo;augmentation de notre \u00e9quipement personnel. Notre objectif a \u00e9t\u00e9 de faire ce qu&rsquo;il y a de mieux pour nos patients dans des conditions id\u00e9ales. Notre \u00e9quipe est compos\u00e9e de coll\u00e8gues qui aiment faire leur travail. Le bonheur de nos patients nous rend encore plus enthousiastes. <\/span>[\/vc_column_text][\/vc_column][vc_column width=\u00a0\u00bb1\/2&Prime; css=\u00a0\u00bb.vc_custom_1632326256602{padding-bottom: 70vh !important;background-image: url(https:\/\/dentalteamturkey.com\/wp-content\/uploads\/2021\/09\/motto-klinikk.jpeg?id=1821) !important;background-position: center !important;background-repeat: no-repeat !important;background-size: cover !important;}\u00a0\u00bb][\/vc_column][\/vc_row]\n","protected":false},"excerpt":{"rendered":"<p>[vc_row thb_full_width=\u00a0\u00bbtrue\u00a0\u00bb thb_row_padding=\u00a0\u00bbtrue\u00a0\u00bb thb_column_padding=\u00a0\u00bbtrue\u00a0\u00bb bg_gradient_direction=\u00a0\u00bb-90&Prime; css=\u00a0\u00bb.vc_custom_1580419501117{padding-top: 60px !important;padding-bottom: 40px !important;background-position: center !important;background-repeat: no-repeat !important;background-size: cover !important;}\u00a0\u00bb bg_gradient1=\u00a0\u00bb#34a5dd\u00a0\u00bb bg_gradient2=\u00a0\u00bb#a8ccdd\u00a0\u00bb][vc_column][vc_row_inner][vc_column_inner thb_color=\u00a0\u00bbthb-light-column\u00a0\u00bb offset=\u00a0\u00bbvc_col-lg-5 vc_col-md-7&Prime;][\/vc_column_inner][\/vc_row_inner][\/vc_column][\/vc_row][vc_row thb_full_width=\u00a0\u00bbtrue\u00a0\u00bb thb_row_padding=\u00a0\u00bbtrue\u00a0\u00bb thb_column_padding=\u00a0\u00bbtrue\u00a0\u00bb thb_divider_position=\u00a0\u00bbtop\u00a0\u00bb el_class=\u00a0\u00bbalign-center\u00a0\u00bb][vc_column width=\u00a0\u00bb1\/2&Prime; css=\u00a0\u00bb.vc_custom_1580467974308{padding-top: 20% !important;padding-right: 5% !important;padding-bottom: 15% !important;padding-left: 5% !important;}\u00a0\u00bb][vc_empty_space height=\u00a0\u00bb50px\u00a0\u00bb][vc_column_text animation=\u00a0\u00bbanimation fade-in\u00a0\u00bb] Depuis 1996, nous essayons de donner le meilleur \u00e0 nos patients en combinant notre profession avec&hellip;<\/p>\n","protected":false},"author":1,"featured_media":0,"parent":0,"menu_order":0,"comment_status":"closed","ping_status":"closed","template":"","meta":{"footnotes":""},"class_list":["post-1834","page","type-page","status-publish","hentry"],"_links":{"self":[{"href":"https:\/\/dentalteamturkey.com\/fr\/wp-json\/wp\/v2\/pages\/1834","targetHints":{"allow":["GET"]}}],"collection":[{"href":"https:\/\/dentalteamturkey.com\/fr\/wp-json\/wp\/v2\/pages"}],"about":[{"href":"https:\/\/dentalteamturkey.com\/fr\/wp-json\/wp\/v2\/types\/page"}],"author":[{"embeddable":true,"href":"https:\/\/dentalteamturkey.com\/fr\/wp-json\/wp\/v2\/users\/1"}],"replies":[{"embeddable":true,"href":"https:\/\/dentalteamturkey.com\/fr\/wp-json\/wp\/v2\/comments?post=1834"}],"version-history":[{"count":2,"href":"https:\/\/dentalteamturkey.com\/fr\/wp-json\/wp\/v2\/pages\/1834\/revisions"}],"predecessor-version":[{"id":1863,"href":"https:\/\/dentalteamturkey.com\/fr\/wp-json\/wp\/v2\/pages\/1834\/revisions\/1863"}],"wp:attachment":[{"href":"https:\/\/dentalteamturkey.com\/fr\/wp-json\/wp\/v2\/media?parent=1834"}],"curies":[{"name":"wp","href":"https:\/\/api.w.org\/{rel}","templated":true}]}}