{"id":1809,"date":"2021-09-22T16:06:13","date_gmt":"2021-09-22T14:06:13","guid":{"rendered":"https:\/\/dentalteamturkey.com\/klinik-7\/"},"modified":"2023-03-21T09:00:25","modified_gmt":"2023-03-21T08:00:25","slug":"klinik-7","status":"publish","type":"page","link":"https:\/\/dentalteamturkey.com\/fr\/klinik-7\/","title":{"rendered":"Klinik 7"},"content":{"rendered":"[vc_row thb_full_width=\u00a0\u00bbtrue\u00a0\u00bb thb_row_padding=\u00a0\u00bbtrue\u00a0\u00bb thb_column_padding=\u00a0\u00bbtrue\u00a0\u00bb bg_gradient_direction=\u00a0\u00bb-90&Prime; css=\u00a0\u00bb.vc_custom_1580419501117{padding-top: 60px !important;padding-bottom: 40px !important;background-position: center !important;background-repeat: no-repeat !important;background-size: cover !important;}\u00a0\u00bb bg_gradient1=\u00a0\u00bb#34a5dd\u00a0\u00bb bg_gradient2=\u00a0\u00bb#a8ccdd\u00a0\u00bb][vc_column][vc_row_inner][vc_column_inner thb_color=\u00a0\u00bbthb-light-column\u00a0\u00bb offset=\u00a0\u00bbvc_col-lg-5 vc_col-md-7&Prime;]\t<div id=\"thb-slidetype-69ea4dc290c18\" class=\"thb-slidetype treatmentsh1\" data-style=\"style2\">\n\t\t\n<h1><span class=\"thb-slidetype-entry\"><span class=\"lines\">Klinik 7<\/span><\/span><\/h1>\n\t\t\t<\/div>\n\n\t[\/vc_column_inner][\/vc_row_inner][\/vc_column][\/vc_row][vc_row thb_full_width=\u00a0\u00bbtrue\u00a0\u00bb thb_row_padding=\u00a0\u00bbtrue\u00a0\u00bb thb_column_padding=\u00a0\u00bbtrue\u00a0\u00bb thb_divider_position=\u00a0\u00bbtop\u00a0\u00bb el_class=\u00a0\u00bbalign-center\u00a0\u00bb][vc_column width=\u00a0\u00bb1\/2&Prime; css=\u00a0\u00bb.vc_custom_1580467974308{padding-top: 20% !important;padding-right: 5% !important;padding-bottom: 15% !important;padding-left: 5% !important;}\u00a0\u00bb][vc_empty_space height=\u00a0\u00bb50px\u00a0\u00bb][vc_column_text animation=\u00a0\u00bbanimation fade-in\u00a0\u00bb]<span style=\"color: #000000;\"> Dans notre clinique, situ\u00e9e \u00e0 Antalya Lara, tous les services de traitement dans le domaine de la dentisterie sont fournis. Nous sommes \u00e0 votre service avec notre appareil d&rsquo;imagination technologique de pointe et 7 salles d&rsquo;examen dans notre clinique de 3 \u00e9tages.<\/span><\/p>\n<p><span style=\"color: #000000;\">Nous appliquons toutes les options de traitement dans les domaines de la conception du sourire, de l&rsquo;endodontie, de l&rsquo;implantologie, de l&rsquo;orthodontie, de la parodontologie, de la proth\u00e8se, de la dentisterie restauratrice, de la dentisterie p\u00e9diatrique, en collaboration avec notre endodontiste, orthodontiste et chirurgien buccal et maxillo-facial, notre dentiste exp\u00e9riment\u00e9 et la sinc\u00e9rit\u00e9 de votre famille..<\/span>[\/vc_column_text][\/vc_column][vc_column width=\u00a0\u00bb1\/2&Prime; css=\u00a0\u00bb.vc_custom_1632326069512{padding-bottom: 70vh !important;background-image: url(https:\/\/dentalteamturkey.com\/wp-content\/uploads\/2021\/09\/klinik7-2.jpg?id=1811) !important;background-position: center !important;background-repeat: no-repeat !important;background-size: cover !important;}\u00a0\u00bb][\/vc_column][\/vc_row]\n","protected":false},"excerpt":{"rendered":"<p>[vc_row thb_full_width=\u00a0\u00bbtrue\u00a0\u00bb thb_row_padding=\u00a0\u00bbtrue\u00a0\u00bb thb_column_padding=\u00a0\u00bbtrue\u00a0\u00bb bg_gradient_direction=\u00a0\u00bb-90&Prime; css=\u00a0\u00bb.vc_custom_1580419501117{padding-top: 60px !important;padding-bottom: 40px !important;background-position: center !important;background-repeat: no-repeat !important;background-size: cover !important;}\u00a0\u00bb bg_gradient1=\u00a0\u00bb#34a5dd\u00a0\u00bb bg_gradient2=\u00a0\u00bb#a8ccdd\u00a0\u00bb][vc_column][vc_row_inner][vc_column_inner thb_color=\u00a0\u00bbthb-light-column\u00a0\u00bb offset=\u00a0\u00bbvc_col-lg-5 vc_col-md-7&Prime;][\/vc_column_inner][\/vc_row_inner][\/vc_column][\/vc_row][vc_row thb_full_width=\u00a0\u00bbtrue\u00a0\u00bb thb_row_padding=\u00a0\u00bbtrue\u00a0\u00bb thb_column_padding=\u00a0\u00bbtrue\u00a0\u00bb thb_divider_position=\u00a0\u00bbtop\u00a0\u00bb el_class=\u00a0\u00bbalign-center\u00a0\u00bb][vc_column width=\u00a0\u00bb1\/2&Prime; css=\u00a0\u00bb.vc_custom_1580467974308{padding-top: 20% !important;padding-right: 5% !important;padding-bottom: 15% !important;padding-left: 5% !important;}\u00a0\u00bb][vc_empty_space height=\u00a0\u00bb50px\u00a0\u00bb][vc_column_text animation=\u00a0\u00bbanimation fade-in\u00a0\u00bb] Dans notre clinique, situ\u00e9e \u00e0 Antalya Lara, tous les services de traitement dans le domaine de&hellip;<\/p>\n","protected":false},"author":1,"featured_media":0,"parent":0,"menu_order":0,"comment_status":"closed","ping_status":"closed","template":"","meta":{"footnotes":""},"class_list":["post-1809","page","type-page","status-publish","hentry"],"_links":{"self":[{"href":"https:\/\/dentalteamturkey.com\/fr\/wp-json\/wp\/v2\/pages\/1809","targetHints":{"allow":["GET"]}}],"collection":[{"href":"https:\/\/dentalteamturkey.com\/fr\/wp-json\/wp\/v2\/pages"}],"about":[{"href":"https:\/\/dentalteamturkey.com\/fr\/wp-json\/wp\/v2\/types\/page"}],"author":[{"embeddable":true,"href":"https:\/\/dentalteamturkey.com\/fr\/wp-json\/wp\/v2\/users\/1"}],"replies":[{"embeddable":true,"href":"https:\/\/dentalteamturkey.com\/fr\/wp-json\/wp\/v2\/comments?post=1809"}],"version-history":[{"count":3,"href":"https:\/\/dentalteamturkey.com\/fr\/wp-json\/wp\/v2\/pages\/1809\/revisions"}],"predecessor-version":[{"id":1857,"href":"https:\/\/dentalteamturkey.com\/fr\/wp-json\/wp\/v2\/pages\/1809\/revisions\/1857"}],"wp:attachment":[{"href":"https:\/\/dentalteamturkey.com\/fr\/wp-json\/wp\/v2\/media?parent=1809"}],"curies":[{"name":"wp","href":"https:\/\/api.w.org\/{rel}","templated":true}]}}